{"id":278071,"date":"2022-12-22T13:27:05","date_gmt":"2022-12-22T18:27:05","guid":{"rendered":"https:\/\/www.noom.com\/artem-petakov\/"},"modified":"2026-03-02T15:20:54","modified_gmt":"2026-03-02T20:20:54","slug":"artem-petakov","status":"publish","type":"page","link":"https:\/\/www.noom.com\/es\/artem-petakov\/","title":{"rendered":"Artem Petakov"},"content":{"rendered":"[et_pb_section fb_built=&#8221;1&#8243; _builder_version=&#8221;4.19.4&#8243; _module_preset=&#8221;default&#8221; background_color=&#8221;#1D3A44&#8243; hover_enabled=&#8221;0&#8243; global_colors_info=&#8221;{}&#8221; module_class=&#8221;hero&#8221; sticky_enabled=&#8221;0&#8243;][et_pb_row column_structure=&#8221;3_5,2_5&#8243; _builder_version=&#8221;4.16&#8243; _module_preset=&#8221;default&#8221; custom_margin=&#8221;148px||100px||false|false&#8221; global_colors_info=&#8221;{}&#8221;][et_pb_column type=&#8221;3_5&#8243; _builder_version=&#8221;4.16&#8243; _module_preset=&#8221;default&#8221; global_colors_info=&#8221;{}&#8221;][et_pb_text admin_label=&#8221;President and Co-Founder&#8221; module_class=&#8221;label&#8221; _builder_version=&#8221;4.17.6&#8243; _module_preset=&#8221;default&#8221; text_text_color=&#8221;#FFFFFF&#8221; global_colors_info=&#8221;{}&#8221;]\n<p>Presidente y cofundador<\/p>\n[\/et_pb_text][et_pb_text admin_label=&#8221;Artem Petakov&#8221; _builder_version=&#8221;4.17.6&#8243; _module_preset=&#8221;default&#8221; header_font_size=&#8221;82px&#8221; header_2_font=&#8221;Untitled Serif||||||||&#8221; header_2_text_color=&#8221;#FFFFFF&#8221; header_2_font_size=&#8221;82px&#8221; header_2_line_height=&#8221;82px&#8221; background_layout=&#8221;dark&#8221; global_colors_info=&#8221;{}&#8221;]\n<h1>Artem Petakov<\/h1>\n[\/et_pb_text][et_pb_text admin_label=&#8221;After falling in love with data and&#8230;&#8221; _builder_version=&#8221;4.17.6&#8243; _module_preset=&#8221;default&#8221; text_font=&#8221;Untitled Sans||||||||&#8221; text_text_color=&#8221;#FFFFFF&#8221; text_font_size=&#8221;18px&#8221; text_line_height=&#8221;27px&#8221; custom_margin_tablet=&#8221;||50px||false|false&#8221; custom_margin_phone=&#8221;&#8221; custom_margin_last_edited=&#8221;on|phone&#8221; global_colors_info=&#8221;{}&#8221;]\n<p>Artem se enamor\u00f3 de los datos y la psicolog\u00eda muy joven y bas\u00f3 su carrera en los principios de la ciencia.  Despu\u00e9s de trabajar en Google como ingeniero de software, donde fue responsable de liderar al equipo de contenido de mapas creado por usuarios, Artem y Saeju Jeong fundaron Noom. Como presidente, Artem lidera los equipos de Producto, Ingenier\u00eda, Crecimiento, Marca y Talentos en Noom. En 2020, Fortune nombr\u00f3 a Artem en su listado de 40 personas destacadas de menos de 40 a\u00f1os en servicios m\u00e9dicos, y Business Insider tambi\u00e9n lo incluy\u00f3 entre los 30 l\u00edderes menores de 40 a\u00f1os que est\u00e1n transformando la atenci\u00f3n m\u00e9dica en los Estados Unidos.<\/p>\n[\/et_pb_text][\/et_pb_column][et_pb_column type=&#8221;2_5&#8243; _builder_version=&#8221;4.16&#8243; _module_preset=&#8221;default&#8221; global_colors_info=&#8221;{}&#8221;][et_pb_image src=&#8221;https:\/\/www.noom.com\/uploads\/2021\/08\/artem.jpg&#8221; alt=&#8221;artem&#8221; title_text=&#8221;artem&#8221; _builder_version=&#8221;4.16&#8243; _module_preset=&#8221;default&#8221; global_colors_info=&#8221;{}&#8221;][\/et_pb_image][\/et_pb_column][\/et_pb_row][\/et_pb_section]\n","protected":false},"excerpt":{"rendered":"<p>Artem Petakov, Presidente y Cofundador de Noom, lidera equipos clave y ha sido reconocido por Fortune y Business Insider como uno de los l\u00edderes menores de 40 a\u00f1os que transforman la atenci\u00f3n m\u00e9dica en EE.UU. Su carrera se basa en la ciencia de datos y la psicolog\u00eda, con experiencia previa en Google.<\/p>\n","protected":false},"author":23,"featured_media":247265,"parent":0,"menu_order":0,"comment_status":"closed","ping_status":"closed","template":"","meta":{"_acf_changed":false,"_seopress_robots_primary_cat":"","_seopress_titles_title":"","_seopress_titles_desc":"","_seopress_robots_index":"","_et_pb_use_builder":"on","_et_pb_old_content":"","_et_gb_content_width":"","_searchwp_excluded":"","footnotes":""},"dipi_cpt_category":[],"class_list":["post-278071","page","type-page","status-publish","has-post-thumbnail","hentry"],"acf":[],"_links":{"self":[{"href":"https:\/\/www.noom.com\/es\/wp-json\/wp\/v2\/pages\/278071","targetHints":{"allow":["GET"]}}],"collection":[{"href":"https:\/\/www.noom.com\/es\/wp-json\/wp\/v2\/pages"}],"about":[{"href":"https:\/\/www.noom.com\/es\/wp-json\/wp\/v2\/types\/page"}],"author":[{"embeddable":true,"href":"https:\/\/www.noom.com\/es\/wp-json\/wp\/v2\/users\/23"}],"replies":[{"embeddable":true,"href":"https:\/\/www.noom.com\/es\/wp-json\/wp\/v2\/comments?post=278071"}],"version-history":[{"count":1,"href":"https:\/\/www.noom.com\/es\/wp-json\/wp\/v2\/pages\/278071\/revisions"}],"predecessor-version":[{"id":26012403,"href":"https:\/\/www.noom.com\/es\/wp-json\/wp\/v2\/pages\/278071\/revisions\/26012403"}],"wp:featuredmedia":[{"embeddable":true,"href":"https:\/\/www.noom.com\/es\/wp-json\/wp\/v2\/media\/247265"}],"wp:attachment":[{"href":"https:\/\/www.noom.com\/es\/wp-json\/wp\/v2\/media?parent=278071"}],"wp:term":[{"taxonomy":"dipi_cpt_category","embeddable":true,"href":"https:\/\/www.noom.com\/es\/wp-json\/wp\/v2\/dipi_cpt_category?post=278071"}],"curies":[{"name":"wp","href":"https:\/\/api.w.org\/{rel}","templated":true}]}}