{"id":278070,"date":"2022-12-22T13:27:03","date_gmt":"2022-12-22T18:27:03","guid":{"rendered":"https:\/\/www.noom.com\/saeju-jeong\/"},"modified":"2024-06-05T16:18:32","modified_gmt":"2024-06-05T20:18:32","slug":"saeju-jeong","status":"publish","type":"page","link":"https:\/\/www.noom.com\/es\/saeju-jeong\/","title":{"rendered":"Saeju Jeong"},"content":{"rendered":"[et_pb_section fb_built=&#8221;1&#8243; module_class=&#8221;hero&#8221; _builder_version=&#8221;4.19.4&#8243; _module_preset=&#8221;default&#8221; background_color=&#8221;#1D3A44&#8243; global_colors_info=&#8221;{}&#8221;][et_pb_row column_structure=&#8221;3_5,2_5&#8243; _builder_version=&#8221;4.16&#8243; _module_preset=&#8221;default&#8221; custom_margin=&#8221;148px||100px||false|false&#8221; global_colors_info=&#8221;{}&#8221;][et_pb_column type=&#8221;3_5&#8243; _builder_version=&#8221;4.16&#8243; _module_preset=&#8221;default&#8221; global_colors_info=&#8221;{}&#8221;][et_pb_text module_class=&#8221;label&#8221; _builder_version=&#8221;4.16&#8243; _module_preset=&#8221;default&#8221; text_text_color=&#8221;#FFFFFF&#8221; global_colors_info=&#8221;{}&#8221;]\n<p>CEO y cofundador<\/p>\n[\/et_pb_text][et_pb_text _builder_version=&#8221;4.17.6&#8243; _module_preset=&#8221;default&#8221; header_font_size=&#8221;82px&#8221; header_2_font=&#8221;Untitled Serif||||||||&#8221; header_2_text_color=&#8221;#FFFFFF&#8221; header_2_font_size=&#8221;82px&#8221; header_2_line_height=&#8221;82px&#8221; background_layout=&#8221;dark&#8221; global_colors_info=&#8221;{}&#8221;]\n<h1>Saeju Jeong<\/h1>\n[\/et_pb_text][et_pb_text _builder_version=&#8221;4.16&#8243; _module_preset=&#8221;default&#8221; text_font=&#8221;Untitled Sans||||||||&#8221; text_text_color=&#8221;#FFFFFF&#8221; text_font_size=&#8221;18px&#8221; text_line_height=&#8221;27px&#8221; global_colors_info=&#8221;{}&#8221;]\n<p>Saeju naci\u00f3 en Corea del Sur en una familia de m\u00e9dicos y siempre ha tenido el ferviente deseo de ayudar a los dem\u00e1s. Desde muy joven, supo que dedicar\u00eda su vida a mejorar la calidad de vida de la mayor cantidad de personas que fuera posible. Despu\u00e9s de la muerte de su padre a una edad temprana, Saeju se sinti\u00f3 m\u00e1s motivado que nunca para seguir su prop\u00f3sito del bienestar de las personas y utiliz\u00f3 su esp\u00edritu emprendedor (Saeju fund\u00f3 la primera discogr\u00e1fica de heavy metal de Corea del Sur) para lograr un impacto. Despu\u00e9s de abandonar la universidad y mudarse a los Estados Unidos, Saeju conoci\u00f3 a Artem Petakov, que compart\u00eda su objetivo de querer ayudar a las personas a tener vidas m\u00e1s saludables y lo convenci\u00f3 de dejar Google para desarrollar juntos Noom.  Como CEO, Saeju es responsable de establecer la visi\u00f3n estrat\u00e9gica de Noom y ha estado al frente de la empresa durante varios a\u00f1os de much\u00edsimo crecimiento, ayudando a millones de personas a mejorar su estilo de vida y salud. En 2020, EY nombr\u00f3 a Saeju &#8220;Emprendedor del a\u00f1o&#8221;. <\/p>\n[\/et_pb_text][et_pb_social_media_follow _builder_version=&#8221;4.16&#8243; _module_preset=&#8221;default&#8221; text_orientation=&#8221;left&#8221; global_colors_info=&#8221;{}&#8221;][et_pb_social_media_follow_network social_network=&#8221;linkedin&#8221; url=&#8221;https:\/\/www.linkedin.com\/in\/saeju-jeong\/&#8221; _builder_version=&#8221;4.16&#8243; _module_preset=&#8221;default&#8221; background_color=&#8221;#007bb6&#8243; global_colors_info=&#8221;{}&#8221; follow_button=&#8221;off&#8221; url_new_window=&#8221;on&#8221;]linkedin[\/et_pb_social_media_follow_network][et_pb_social_media_follow_network social_network=&#8221;twitter&#8221; url=&#8221;https:\/\/twitter.com\/saejujeong&#8221; _builder_version=&#8221;4.22.2&#8243; _module_preset=&#8221;default&#8221; background_color=&#8221;#000000&#8243; global_colors_info=&#8221;{}&#8221; follow_button=&#8221;off&#8221; url_new_window=&#8221;on&#8221;]twitter[\/et_pb_social_media_follow_network][\/et_pb_social_media_follow][\/et_pb_column][et_pb_column type=&#8221;2_5&#8243; _builder_version=&#8221;4.16&#8243; _module_preset=&#8221;default&#8221; global_colors_info=&#8221;{}&#8221;][et_pb_image src=&#8221;https:\/\/www.noom.com\/uploads\/2021\/08\/saeju.jpg&#8221; alt=&#8221;saeju&#8221; title_text=&#8221;saeju&#8221; _builder_version=&#8221;4.16&#8243; _module_preset=&#8221;default&#8221; global_colors_info=&#8221;{}&#8221;][\/et_pb_image][\/et_pb_column][\/et_pb_row][\/et_pb_section]\n","protected":false},"excerpt":{"rendered":"<p>Conoce a Saeju Jeong, el CEO y cofundador de Noom. Descubre c\u00f3mo su pasi\u00f3n por el bienestar llev\u00f3 a la creaci\u00f3n de Noom y c\u00f3mo ha liderado la empresa hacia un crecimiento fenomenal, ayudando a millones a mejorar su salud y estilo de vida.<\/p>\n","protected":false},"author":23,"featured_media":0,"parent":0,"menu_order":0,"comment_status":"closed","ping_status":"closed","template":"","meta":{"_acf_changed":false,"_et_pb_use_builder":"on","_et_pb_old_content":"","_et_gb_content_width":"","_searchwp_excluded":"","footnotes":""},"dipi_cpt_category":[],"class_list":["post-278070","page","type-page","status-publish","hentry"],"acf":[],"_links":{"self":[{"href":"https:\/\/www.noom.com\/es\/wp-json\/wp\/v2\/pages\/278070","targetHints":{"allow":["GET"]}}],"collection":[{"href":"https:\/\/www.noom.com\/es\/wp-json\/wp\/v2\/pages"}],"about":[{"href":"https:\/\/www.noom.com\/es\/wp-json\/wp\/v2\/types\/page"}],"author":[{"embeddable":true,"href":"https:\/\/www.noom.com\/es\/wp-json\/wp\/v2\/users\/23"}],"replies":[{"embeddable":true,"href":"https:\/\/www.noom.com\/es\/wp-json\/wp\/v2\/comments?post=278070"}],"version-history":[{"count":0,"href":"https:\/\/www.noom.com\/es\/wp-json\/wp\/v2\/pages\/278070\/revisions"}],"wp:attachment":[{"href":"https:\/\/www.noom.com\/es\/wp-json\/wp\/v2\/media?parent=278070"}],"wp:term":[{"taxonomy":"dipi_cpt_category","embeddable":true,"href":"https:\/\/www.noom.com\/es\/wp-json\/wp\/v2\/dipi_cpt_category?post=278070"}],"curies":[{"name":"wp","href":"https:\/\/api.w.org\/{rel}","templated":true}]}}