{"id":269463,"date":"2021-06-18T10:27:26","date_gmt":"2021-06-18T14:27:26","guid":{"rendered":"https:\/\/www.noom.com\/weight\/"},"modified":"2024-06-05T16:20:53","modified_gmt":"2024-06-05T20:20:53","slug":"weight","status":"publish","type":"page","link":"https:\/\/www.noom.com\/es\/weight\/","title":{"rendered":"Weight"},"content":{"rendered":"[et_pb_section fb_built=&#8221;1&#8243; fullwidth=&#8221;on&#8221; _builder_version=&#8221;4.25.1&#8243; _module_preset=&#8221;default&#8221; hover_enabled=&#8221;0&#8243; global_colors_info=&#8221;{%22gcid-08966d89-12a6-4f2d-8052-824d2e7b3a6a%22:%91%22colorStart%22%93,%22gcid-3bd01ff5-4ea6-4d13-aafb-487370acef8e%22:%91%22button_one_bg_color__hover%22,%22border_color_all%22%93,%22gcid-1540e315-8cd4-41f8-b5ad-1b02a34bd53d%22:%91%22button_one_border_color%22%93}&#8221; module_class=&#8221;hero&#8221; sticky_enabled=&#8221;0&#8243;][et_pb_fullwidth_header title=&#8221;NOOM WEIGHT&#8221; subhead=&#8221;Pierde peso para siempre.&#8221; header_image_url=&#8221;@ET-DC@eyJkeW5hbWljIjp0cnVlLCJjb250ZW50IjoicG9zdF9mZWF0dXJlZF9pbWFnZSIsInNldHRpbmdzIjp7fX0=@&#8221; admin_label=&#8221;Fullwidth Header&#8221; module_class=&#8221;hero&#8221; _builder_version=&#8221;4.25.1&#8243; _dynamic_attributes=&#8221;header_image_url,button_one_text&#8221; _module_preset=&#8221;default&#8221; title_font=&#8221;BrownLLWeb|||on|||||&#8221; title_text_color=&#8221;#FFFFFF&#8221; title_font_size=&#8221;16px&#8221; title_letter_spacing=&#8221;2px&#8221; title_line_height=&#8221;19.74px&#8221; content_font_size=&#8221;24px&#8221; content_line_height=&#8221;140%&#8221; subhead_font=&#8221;Untitled Serif||||||||&#8221; subhead_font_size=&#8221;82px&#8221; subhead_line_height=&#8221;82px&#8221; custom_button_one=&#8221;on&#8221; button_one_text_size=&#8221;20px&#8221; button_one_text_color=&#8221;#FFFFFF&#8221; button_one_bg_color=&#8221;#fb513b&#8221; button_one_border_width=&#8221;2px&#8221; button_one_border_radius=&#8221;8px&#8221; button_one_font=&#8221;Untitled Sans Web Medium||||||||&#8221; button_one_use_icon=&#8221;off&#8221; max_width=&#8221;100%&#8221; height=&#8221;660px&#8221; custom_margin=&#8221;||||false|false&#8221; custom_padding=&#8221;300px||300px||false|false&#8221; custom_padding_tablet=&#8221;&#8221; custom_padding_phone=&#8221;200px||300px||false|false&#8221; custom_padding_last_edited=&#8221;on|phone&#8221; content_font_size_tablet=&#8221;&#8221; content_font_size_phone=&#8221;18px&#8221; content_font_size_last_edited=&#8221;on|phone&#8221; subhead_font_tablet=&#8221;&#8221; subhead_font_phone=&#8221;&#8221; subhead_font_last_edited=&#8221;on|phone&#8221; subhead_font_size_tablet=&#8221;&#8221; subhead_font_size_phone=&#8221;70px&#8221; subhead_font_size_last_edited=&#8221;on|phone&#8221; subhead_line_height_last_edited=&#8221;off|phone&#8221; border_width_top=&#8221;0px&#8221; border_width_right=&#8221;0px&#8221; border_width_bottom=&#8221;0px&#8221; border_width_left=&#8221;0px&#8221; saved_tabs=&#8221;all&#8221; locked=&#8221;off&#8221; global_colors_info=&#8221;{%22gcid-08966d89-12a6-4f2d-8052-824d2e7b3a6a%22:%91%22colorStart%22,%22colorStart%22%93,%22gcid-3bd01ff5-4ea6-4d13-aafb-487370acef8e%22:%91%22button_one_bg_color__hover%22,%22border_color_all%22,%22button_one_bg_color__hover%22,%22border_color_all%22%93,%22gcid-1540e315-8cd4-41f8-b5ad-1b02a34bd53d%22:%91%22button_one_border_color%22,%22button_one_border_color%22%93}&#8221; background_color=&#8221;#1D3A44&#8243; background_enable_color=&#8221;off&#8221; use_background_color_gradient=&#8221;on&#8221; background_color_gradient_stops=&#8221;rgba(26,25,25,0.4) 0%|rgba(0,0,0,0) 100%&#8221; background_color_gradient_overlays_image=&#8221;on&#8221; background_color_gradient_start=&#8221;rgba(26,25,25,0.4)&#8221; background_color_gradient_end=&#8221;rgba(0,0,0,0)&#8221; background_image=&#8221;https:\/\/www.noom.com\/uploads\/2021\/07\/HealthyWeight-Hero.png&#8221; background_position=&#8221;top_center&#8221;]<a class=\"noom-btn noom-btn-primary include-utms include-params\" href=\"https:\/\/noom.com\/ps\/main-survey\" data-wpel-link=\"internal\" data-mixpanel-track=\"ClickedWordPressLandingPageCTA\">Empecemos<\/a>[\/et_pb_fullwidth_header][\/et_pb_section][et_pb_section fb_built=&#8221;1&#8243; custom_padding_last_edited=&#8221;on|phone&#8221; _builder_version=&#8221;4.16&#8243; _module_preset=&#8221;default&#8221; custom_padding=&#8221;148px||148px||false|false&#8221; custom_padding_tablet=&#8221;75px||75px||false|false&#8221; custom_padding_phone=&#8221;50px||50px||false|false&#8221; global_colors_info=&#8221;{}&#8221;][et_pb_row _builder_version=&#8221;4.16&#8243; _module_preset=&#8221;default&#8221; width=&#8221;800px&#8221; width_tablet=&#8221;80%&#8221; width_phone=&#8221;80%&#8221; width_last_edited=&#8221;on|tablet&#8221; max_width_tablet=&#8221;&#8221; max_width_phone=&#8221;&#8221; max_width_last_edited=&#8221;on|phone&#8221; custom_margin_tablet=&#8221;&#8221; custom_margin_phone=&#8221;&#8221; custom_margin_last_edited=&#8221;on|phone&#8221; custom_padding=&#8221;34px|||||&#8221; global_colors_info=&#8221;{}&#8221;][et_pb_column type=&#8221;4_4&#8243; _builder_version=&#8221;4.16&#8243; _module_preset=&#8221;default&#8221; global_colors_info=&#8221;{}&#8221;][et_pb_image src=&#8221;https:\/\/www.noom.com\/uploads\/2021\/09\/Noom-Weight.png&#8221; title_text=&#8221;Noom-Weight&#8221; show_bottom_space_tablet=&#8221;&#8221; show_bottom_space_phone=&#8221;&#8221; show_bottom_space_last_edited=&#8221;on|desktop&#8221; _builder_version=&#8221;4.16&#8243; _module_preset=&#8221;default&#8221; width=&#8221;45%&#8221; width_tablet=&#8221;&#8221; width_phone=&#8221;100%&#8221; width_last_edited=&#8221;on|phone&#8221; custom_margin=&#8221;|||-15px|false|false&#8221; global_colors_info=&#8221;{}&#8221;][\/et_pb_image][et_pb_text _builder_version=&#8221;4.16&#8243; _module_preset=&#8221;default&#8221; header_2_font=&#8221;Untitled Serif||||||||&#8221; header_2_text_color=&#8221;#191717&#8243; header_2_font_size=&#8221;52px&#8221; header_2_line_height=&#8221;100%&#8221; width=&#8221;100%&#8221; global_colors_info=&#8221;{}&#8221;]\n<h2><span style=\"font-weight: 400;\">Cambiando la percepci\u00f3n que tiene el mundo sobre la p\u00e9rdida de peso. <\/span><\/h2>\n[\/et_pb_text][et_pb_text _builder_version=&#8221;4.16&#8243; _module_preset=&#8221;default&#8221; text_font=&#8221;||||||||&#8221; text_text_color=&#8221;#000000&#8243; text_font_size=&#8221;24px&#8221; text_line_height=&#8221;143%&#8221; global_colors_info=&#8221;{}&#8221;]\n<p><span style=\"font-weight: 400;\">Noom usa la ciencia y un seguimiento personalizado para ayudarte a perder peso y mantenerte as\u00ed para siempre.<br \/>\n Te ayudaremos a entender mejor tu relaci\u00f3n con la comida, a ser m\u00e1s consciente de tus h\u00e1bitos, y a darte el conocimiento y apoyo que necesitas para un cambio a largo plazo. <\/span><\/p>\n[\/et_pb_text][\/et_pb_column][\/et_pb_row][\/et_pb_section][et_pb_section fb_built=&#8221;1&#8243; _builder_version=&#8221;4.16&#8243; _module_preset=&#8221;default&#8221; background_color=&#8221;#1D3A44&#8243; background_image=&#8221;https:\/\/www.noom.com\/uploads\/2021\/07\/paperpattern-blueberry.jpg&#8221; background_position=&#8221;top_left&#8221; background_repeat=&#8221;repeat&#8221; custom_padding=&#8221;135px||90px||false|false&#8221; global_colors_info=&#8221;{%22gcid-2497187f-8093-4f3c-baec-6702ce4901e9%22:%91%93,%22gcid-c3c10f0a-580a-4b30-9b9a-fd8ae2b1effd%22:%91%93}&#8221;][et_pb_row _builder_version=&#8221;4.16&#8243; _module_preset=&#8221;default&#8221; global_colors_info=&#8221;{}&#8221;][et_pb_column type=&#8221;4_4&#8243; _builder_version=&#8221;4.16&#8243; _module_preset=&#8221;default&#8221; global_colors_info=&#8221;{}&#8221;][et_pb_text _builder_version=&#8221;4.16&#8243; _module_preset=&#8221;default&#8221; text_text_color=&#8221;gcid-73207cb5-0bcd-4cdb-80d5-e925415073f3&#8243; header_text_color=&#8221;#000000&#8243; header_2_font=&#8221;Untitled Serif||||||||&#8221; header_2_text_color=&#8221;#FFFFFF&#8221; header_2_font_size=&#8221;50px&#8221; header_2_line_height=&#8221;64px&#8221; custom_padding_tablet=&#8221;&#8221; custom_padding_phone=&#8221;|0px||0px|false|false&#8221; custom_padding_last_edited=&#8221;on|phone&#8221; global_colors_info=&#8221;{%22gcid-73207cb5-0bcd-4cdb-80d5-e925415073f3%22:%91%22text_text_color%22%93}&#8221;]\n<h2><span style=\"font-weight: 400;\">Sabemos que el viaje hacia la p\u00e9rdida de peso puede ser dif\u00edcil. <\/span><span style=\"font-weight: 400;\">As\u00ed es como te ayudaremos a que sea un poquito m\u00e1s f\u00e1cil. <\/span><\/h2>\n[\/et_pb_text][\/et_pb_column][\/et_pb_row][et_pb_row column_structure=&#8221;1_2,1_2&#8243; module_class=&#8221;brown-text labels&#8221; _builder_version=&#8221;4.16&#8243; _module_preset=&#8221;default&#8221; global_colors_info=&#8221;{}&#8221;][et_pb_column type=&#8221;1_2&#8243; _builder_version=&#8221;4.16&#8243; _module_preset=&#8221;default&#8221; global_colors_info=&#8221;{}&#8221;][et_pb_image src=&#8221;https:\/\/www.noom.com\/uploads\/2021\/07\/Noom-appscreens-phonefan-v2.png&#8221; title_text=&#8221;Noom-appscreens-phonefan-v2&#8243; _builder_version=&#8221;4.16&#8243; _module_preset=&#8221;default&#8221; custom_margin=&#8221;35px||||false|false&#8221; custom_margin_tablet=&#8221;0%||||false|false&#8221; custom_margin_phone=&#8221;&#8221; custom_margin_last_edited=&#8221;on|tablet&#8221; custom_padding=&#8221;||0px|||&#8221; global_colors_info=&#8221;{}&#8221;][\/et_pb_image][\/et_pb_column][et_pb_column type=&#8221;1_2&#8243; _builder_version=&#8221;4.16&#8243; _module_preset=&#8221;default&#8221; custom_padding=&#8221;6%|80px||80px|false|false&#8221; custom_padding_tablet=&#8221;|15px||15px|false|false&#8221; custom_padding_phone=&#8221;|15px||15px|false|false&#8221; custom_padding_last_edited=&#8221;on|desktop&#8221; global_colors_info=&#8221;{}&#8221;][et_pb_text module_class=&#8221;label&#8221; _builder_version=&#8221;4.16&#8243; _module_preset=&#8221;default&#8221; text_font=&#8221;||||||||&#8221; text_text_color=&#8221;#FFFFFF&#8221; global_colors_info=&#8221;{}&#8221;]\n<p><strong>Lecciones Diarias A Tu Medida<\/strong><\/p>\n[\/et_pb_text][et_pb_text _builder_version=&#8221;4.16&#8243; _module_preset=&#8221;default&#8221; text_font=&#8221;Untitled Sans||||||||&#8221; text_text_color=&#8221;#FFFFFF&#8221; text_font_size=&#8221;20px&#8221; text_line_height=&#8221;30px&#8221; custom_padding=&#8221;||65px||false|false&#8221; global_colors_info=&#8221;{}&#8221;]\n<p><span>Nuestras lecciones personalizadas te ayudar\u00e1n a obtener seguridad mediante conocimientos pr\u00e1cticos que puedes utilizar de inmediato.  El tiempo que dedicas a cada lecci\u00f3n depende de ti, por lo que es muy f\u00e1cil incluir a Noom en tu vida.<\/span><\/p>\n[\/et_pb_text][et_pb_text module_class=&#8221;label&#8221; _builder_version=&#8221;4.16&#8243; _module_preset=&#8221;default&#8221; text_font=&#8221;Untitled Sans||||||||&#8221; text_text_color=&#8221;#FFFFFF&#8221; global_colors_info=&#8221;{}&#8221;]\n<p><strong>MOT\u00cdV\u00c1NDOTE<\/strong><\/p>\n[\/et_pb_text][et_pb_text _builder_version=&#8221;4.20.4&#8243; _module_preset=&#8221;default&#8221; text_font=&#8221;Untitled Sans||||||||&#8221; text_text_color=&#8221;#FFFFFF&#8221; text_font_size=&#8221;20px&#8221; text_line_height=&#8221;30px&#8221; custom_padding=&#8221;||65px||false|false&#8221; global_colors_info=&#8221;{}&#8221;]Tu comunidad y gu\u00edas de Noom se aseguran de que superes los m\u00ednimos y te mantengas enfocado.[\/et_pb_text][et_pb_text module_class=&#8221;label&#8221; _builder_version=&#8221;4.16&#8243; _module_preset=&#8221;default&#8221; text_font=&#8221;Untitled Sans||||||||&#8221; text_text_color=&#8221;#FFFFFF&#8221; text_font_size=&#8221;20px&#8221; text_line_height=&#8221;30px&#8221; custom_padding=&#8221;||||false|false&#8221; global_colors_info=&#8221;{}&#8221;]\n<p><strong>A TU RITMO<\/strong><\/p>\n[\/et_pb_text][et_pb_text _builder_version=&#8221;4.16&#8243; _module_preset=&#8221;default&#8221; text_font=&#8221;Untitled Sans||||||||&#8221; text_text_color=&#8221;#FFFFFF&#8221; text_font_size=&#8221;20px&#8221; text_line_height=&#8221;30px&#8221; custom_padding=&#8221;1px||65px||false|false&#8221; global_colors_info=&#8221;{}&#8221;]\n<p>Nuestras herramientas de gesti\u00f3n de alimentos y ejercicios est\u00e1n dise\u00f1adas para  empoderarte y que alcances tus metas al ritmo que prefieras.<\/p>\n[\/et_pb_text][\/et_pb_column][\/et_pb_row][\/et_pb_section][et_pb_section fb_built=&#8221;1&#8243; custom_padding_last_edited=&#8221;on|phone&#8221; _builder_version=&#8221;4.16&#8243; _module_preset=&#8221;default&#8221; background_color=&#8221;#F6F4EE&#8221; custom_padding=&#8221;90px||135px||false|false&#8221; custom_padding_tablet=&#8221;&#8221; custom_padding_phone=&#8221;90px||90px||false|false&#8221; global_colors_info=&#8221;{}&#8221;][et_pb_row column_structure=&#8221;1_2,1_2&#8243; _builder_version=&#8221;4.16&#8243; _module_preset=&#8221;default&#8221; custom_margin=&#8221;||90px||false|false&#8221; custom_margin_tablet=&#8221;||||false|false&#8221; custom_margin_phone=&#8221;&#8221; custom_margin_last_edited=&#8221;on|tablet&#8221; custom_padding=&#8221;||||false|false&#8221; global_colors_info=&#8221;{}&#8221;][et_pb_column type=&#8221;1_2&#8243; _builder_version=&#8221;4.16&#8243; _module_preset=&#8221;default&#8221; custom_padding=&#8221;||||false|false&#8221; global_colors_info=&#8221;{}&#8221;][et_pb_text module_class=&#8221;column-section&#8221; _builder_version=&#8221;4.16&#8243; _module_preset=&#8221;default&#8221; text_font=&#8221;Untitled Sans||||||||&#8221; text_font_size=&#8221;20px&#8221; text_line_height=&#8221;30px&#8221; header_2_font=&#8221;Untitled Serif||||||||&#8221; header_2_font_size=&#8221;36px&#8221; header_2_line_height=&#8221;43.2px&#8221; custom_margin=&#8221;30%||||false|false&#8221; custom_margin_tablet=&#8221;0%||25px||false|false&#8221; custom_margin_phone=&#8221;||15%||false|false&#8221; custom_margin_last_edited=&#8221;on|phone&#8221; custom_padding=&#8221;|10px||10px|false|false&#8221; global_colors_info=&#8221;{}&#8221;]\n<h2><span style=\"font-weight: 400;\">Desde la psicolog\u00eda<br \/>\n<\/span><\/h2>\n<p><span style=\"font-weight: 400;\">Cuando te inscribes en Noom, recibes peque\u00f1as lecciones diarias que est\u00e1n fundamentadas en los descubrimientos m\u00e1s recientes en psicolog\u00eda y ciencias del comportamiento. Nuestros cursos personalizados son divertidos, f\u00e1ciles de seguir y te ayudar\u00e1n a ganar confianza mediante herramientas que puedes poner en pr\u00e1ctica desde el primer d\u00eda.<br \/>\n<\/span><\/p>\n[\/et_pb_text][\/et_pb_column][et_pb_column type=&#8221;1_2&#8243; _builder_version=&#8221;4.16&#8243; _module_preset=&#8221;default&#8221; global_colors_info=&#8221;{}&#8221;][et_pb_image src=&#8221;https:\/\/www.noom.com\/uploads\/2021\/07\/appleorange.png&#8221; title_text=&#8221;appleorange&#8221; _builder_version=&#8221;4.16&#8243; _module_preset=&#8221;default&#8221; global_colors_info=&#8221;{}&#8221;][\/et_pb_image][\/et_pb_column][\/et_pb_row][et_pb_row column_structure=&#8221;1_2,1_2&#8243; _builder_version=&#8221;4.16&#8243; _module_preset=&#8221;default&#8221; custom_margin=&#8221;||90px||false|false&#8221; global_colors_info=&#8221;{}&#8221;][et_pb_column type=&#8221;1_2&#8243; _builder_version=&#8221;4.16&#8243; _module_preset=&#8221;default&#8221; global_colors_info=&#8221;{}&#8221;][et_pb_image src=&#8221;https:\/\/www.noom.com\/uploads\/2021\/07\/cucumber-mountain.png&#8221; title_text=&#8221;cucumber-mountain&#8221; _builder_version=&#8221;4.16&#8243; _module_preset=&#8221;default&#8221; custom_padding=&#8221;|0px||||&#8221; global_colors_info=&#8221;{}&#8221;][\/et_pb_image][\/et_pb_column][et_pb_column type=&#8221;1_2&#8243; _builder_version=&#8221;4.16&#8243; _module_preset=&#8221;default&#8221; global_colors_info=&#8221;{}&#8221;][et_pb_text module_class=&#8221;column-section&#8221; _builder_version=&#8221;4.16&#8243; _module_preset=&#8221;default&#8221; text_font=&#8221;Untitled Sans||||||||&#8221; text_font_size=&#8221;20px&#8221; text_line_height=&#8221;30px&#8221; header_2_font=&#8221;Untitled Serif||||||||&#8221; header_2_font_size=&#8221;36px&#8221; header_2_line_height=&#8221;43.2px&#8221; custom_margin=&#8221;30%||||false|false&#8221; custom_margin_tablet=&#8221;0%||||false|false&#8221; custom_margin_phone=&#8221;||||false|false&#8221; custom_margin_last_edited=&#8221;on|phone&#8221; custom_padding=&#8221;50px|10px||10px|false|false&#8221; global_colors_info=&#8221;{}&#8221;]\n<h2><span style=\"font-weight: 400;\">T\u00fa mandas<\/span><\/h2>\n<p><span style=\"font-weight: 400;\">T\u00fa decides c\u00f3mo sumar Noom a tu vida y no al rev\u00e9s.   De ti depende cu\u00e1nto tiempo quieres dedicar a la app. Tampoco te diremos qu\u00e9 puedes y qu\u00e9 no puedes comer, porque no partimos del principio de alimentos \u201cbuenos\u201d o \u201cmalos\u201d. En cambio, te daremos el conocimiento y la sabidur\u00eda que necesitas para tomar decisiones informadas que se ajusten a tu estilo de vida.<\/span><\/p>\n[\/et_pb_text][\/et_pb_column][\/et_pb_row][et_pb_row column_structure=&#8221;1_2,1_2&#8243; custom_padding_last_edited=&#8221;on|desktop&#8221; _builder_version=&#8221;4.16&#8243; _module_preset=&#8221;default&#8221; custom_margin=&#8221;||90px||false|false&#8221; custom_padding=&#8221;||||false|false&#8221; custom_padding_tablet=&#8221;&#8221; custom_padding_phone=&#8221;&#8221; global_colors_info=&#8221;{}&#8221;][et_pb_column type=&#8221;1_2&#8243; _builder_version=&#8221;4.16&#8243; _module_preset=&#8221;default&#8221; global_colors_info=&#8221;{}&#8221;][et_pb_text module_class=&#8221;column-section&#8221; _builder_version=&#8221;4.20.4&#8243; _module_preset=&#8221;default&#8221; text_font=&#8221;Untitled Sans||||||||&#8221; text_font_size=&#8221;20px&#8221; text_line_height=&#8221;30px&#8221; header_2_font=&#8221;Untitled Serif||||||||&#8221; header_2_font_size=&#8221;36px&#8221; header_2_line_height=&#8221;43.2px&#8221; custom_margin=&#8221;30%||||false|false&#8221; custom_margin_tablet=&#8221;0%||||false|false&#8221; custom_margin_phone=&#8221;||15%||false|false&#8221; custom_margin_last_edited=&#8221;on|phone&#8221; custom_padding=&#8221;|10px||10px|false|false&#8221; global_colors_info=&#8221;{}&#8221;]\n<h2>Gu\u00edas como apoyo para tus metas personales<\/h2>\n<p>Noom le proporciona gu\u00edas que lo acompa\u00f1an a trav\u00e9s de su programa Noom y le brindan consejos y sugerencias. Puede elegir cu\u00e1nto y cu\u00e1ndo desea recibir el apoyo. Si necesitas de su gu\u00eda, est\u00e1n a solo un mensaje de distancia en la aplicaci\u00f3n.[\/et_pb_text][\/et_pb_column][et_pb_column type=&#8221;1_2&#8243; _builder_version=&#8221;4.16&#8243; _module_preset=&#8221;default&#8221; global_colors_info=&#8221;{}&#8221;][et_pb_image src=&#8221;https:\/\/www.noom.com\/uploads\/2021\/07\/flower-microphone.png&#8221; title_text=&#8221;flower-microphone&#8221; _builder_version=&#8221;4.16&#8243; _module_preset=&#8221;default&#8221; global_colors_info=&#8221;{}&#8221;][\/et_pb_image][\/et_pb_column][\/et_pb_row][et_pb_row column_structure=&#8221;1_2,1_2&#8243; _builder_version=&#8221;4.16&#8243; _module_preset=&#8221;default&#8221; global_colors_info=&#8221;{}&#8221;][et_pb_column type=&#8221;1_2&#8243; _builder_version=&#8221;4.16&#8243; _module_preset=&#8221;default&#8221; global_colors_info=&#8221;{}&#8221;][et_pb_image src=&#8221;https:\/\/www.noom.com\/uploads\/2021\/07\/crosswalk-celery.png&#8221; title_text=&#8221;crosswalk-celery&#8221; _builder_version=&#8221;4.16&#8243; _module_preset=&#8221;default&#8221; global_colors_info=&#8221;{}&#8221;][\/et_pb_image][\/et_pb_column][et_pb_column type=&#8221;1_2&#8243; _builder_version=&#8221;4.16&#8243; _module_preset=&#8221;default&#8221; global_colors_info=&#8221;{}&#8221;][et_pb_text module_class=&#8221;column-section&#8221; _builder_version=&#8221;4.16&#8243; _module_preset=&#8221;default&#8221; text_font=&#8221;Untitled Sans||||||||&#8221; text_font_size=&#8221;20px&#8221; text_line_height=&#8221;30px&#8221; header_2_font=&#8221;Untitled Serif||||||||&#8221; header_2_font_size=&#8221;36px&#8221; header_2_line_height=&#8221;43.2px&#8221; custom_margin=&#8221;30%||||false|false&#8221; custom_margin_tablet=&#8221;0%||||false|false&#8221; custom_margin_phone=&#8221;||15%||false|false&#8221; custom_margin_last_edited=&#8221;on|phone&#8221; custom_padding=&#8221;|10px||10px|false|false&#8221; global_colors_info=&#8221;{}&#8221;]\n<h2><span style=\"font-weight: 400;\">Progresi\u00f3n antes que perfecci\u00f3n<\/span><\/h2>\n<p><span style=\"font-weight: 400;\">Las herramientas de Noom como el registro de peso,  alimentos, agua, y de los pasos que das est\u00e1n dise\u00f1adas para empoderarte y que alcances tus metas haci\u00e9ndote cargo de tu propio progreso. Porque el proceso de perder peso est\u00e1 lleno de altibajos, creemos que todos deber\u00edan poder lograr sus metas personales a su ritmo.<br \/>\n<\/span><\/p>\n[\/et_pb_text][\/et_pb_column][\/et_pb_row][\/et_pb_section]\n","protected":false},"excerpt":{"rendered":"<p>Descubre c\u00f3mo Noom Weight est\u00e1 cambiando la forma en que el mundo ve la p\u00e9rdida de peso. Con lecciones diarias personalizadas, motivaci\u00f3n y herramientas dise\u00f1adas para adaptarse a tu ritmo, Noom te ofrece el conocimiento y el apoyo que necesitas para perder peso y mantenerlo para siempre.<\/p>\n","protected":false},"author":23,"featured_media":0,"parent":0,"menu_order":0,"comment_status":"closed","ping_status":"closed","template":"","meta":{"_acf_changed":false,"_seopress_robots_primary_cat":"","_seopress_titles_title":"Noom - Weight","_seopress_titles_desc":"","_seopress_robots_index":"","_et_pb_use_builder":"on","_et_pb_old_content":"","_et_gb_content_width":"","_searchwp_excluded":"","footnotes":""},"dipi_cpt_category":[],"class_list":["post-269463","page","type-page","status-publish","hentry"],"acf":[],"_links":{"self":[{"href":"https:\/\/www.noom.com\/es\/wp-json\/wp\/v2\/pages\/269463","targetHints":{"allow":["GET"]}}],"collection":[{"href":"https:\/\/www.noom.com\/es\/wp-json\/wp\/v2\/pages"}],"about":[{"href":"https:\/\/www.noom.com\/es\/wp-json\/wp\/v2\/types\/page"}],"author":[{"embeddable":true,"href":"https:\/\/www.noom.com\/es\/wp-json\/wp\/v2\/users\/23"}],"replies":[{"embeddable":true,"href":"https:\/\/www.noom.com\/es\/wp-json\/wp\/v2\/comments?post=269463"}],"version-history":[{"count":0,"href":"https:\/\/www.noom.com\/es\/wp-json\/wp\/v2\/pages\/269463\/revisions"}],"wp:attachment":[{"href":"https:\/\/www.noom.com\/es\/wp-json\/wp\/v2\/media?parent=269463"}],"wp:term":[{"taxonomy":"dipi_cpt_category","embeddable":true,"href":"https:\/\/www.noom.com\/es\/wp-json\/wp\/v2\/dipi_cpt_category?post=269463"}],"curies":[{"name":"wp","href":"https:\/\/api.w.org\/{rel}","templated":true}]}}