{"id":280400,"date":"2023-05-16T10:50:55","date_gmt":"2023-05-16T14:50:55","guid":{"rendered":"https:\/\/www.noom.com\/?page_id=280400"},"modified":"2025-12-02T16:17:35","modified_gmt":"2025-12-02T21:17:35","slug":"impressum","status":"publish","type":"page","link":"https:\/\/www.noom.com\/de\/impressum\/","title":{"rendered":"Impressum"},"content":{"rendered":"[et_pb_section fb_built=&#8221;1&#8243; fullwidth=&#8221;on&#8221; _builder_version=&#8221;4.16&#8243; _module_preset=&#8221;default&#8221; custom_padding=&#8221;100px||100px||false|false&#8221; locked=&#8221;off&#8221; global_colors_info=&#8221;{}&#8221;][et_pb_fullwidth_post_title meta=&#8221;off&#8221; featured_image=&#8221;off&#8221; _builder_version=&#8221;4.16&#8243; _module_preset=&#8221;default&#8221; title_text_color=&#8221;gcid-73207cb5-0bcd-4cdb-80d5-e925415073f3&#8243; title_font_size=&#8221;82px&#8221; custom_margin=&#8221;||||false|false&#8221; title_font_size_tablet=&#8221;&#8221; title_font_size_phone=&#8221;50px&#8221; title_font_size_last_edited=&#8221;on|phone&#8221; global_colors_info=&#8221;{%22gcid-73207cb5-0bcd-4cdb-80d5-e925415073f3%22:%91%22title_text_color%22%93}&#8221;][\/et_pb_fullwidth_post_title][\/et_pb_section][et_pb_section fb_built=&#8221;1&#8243; _builder_version=&#8221;4.21.0&#8243; _module_preset=&#8221;default&#8221; global_colors_info=&#8221;{}&#8221;][et_pb_row _builder_version=&#8221;4.21.0&#8243; _module_preset=&#8221;default&#8221; global_colors_info=&#8221;{}&#8221;][et_pb_column type=&#8221;4_4&#8243; _builder_version=&#8221;4.21.0&#8243; _module_preset=&#8221;default&#8221; global_colors_info=&#8221;{}&#8221;][et_pb_text _builder_version=&#8221;4.27.4&#8243; _module_preset=&#8221;default&#8221; hover_enabled=&#8221;0&#8243; global_colors_info=&#8221;{}&#8221; sticky_enabled=&#8221;0&#8243;]\n<p>Dieses Impressum gilt f\u00fcr Noom.com, einschlie\u00dflich aller Subdomains (Unterseiten), sowie f\u00fcr alle Produkte und Dienstleistungen von Noom.<\/p>\n<h2>Kontaktdaten:<\/h2>\n<address>Noom, Inc., <br \/>One Palmer Square, <br \/>Suite 441, <br \/>Princeton, NJ 08542<\/address>\n<h2>Support in Deutschland:<\/h2>\n<p>Antworten auf die h\u00e4ufigsten Fragen findest du auf unseren Supportseiten. Bitte nutze f\u00fcr alles andere unser Kontaktformular. Aufgrund der Vielzahl an Anfragen ist dies die beste M\u00f6glichkeit, um deine Anfrage schnell und zielgerichtet dem zust\u00e4ndigen Mitarbeiter zukommen zu lassen. Alternativ kannst du uns auch per E-Mail an kundendienst@noom.com kontaktieren.<\/p>\n<h2>Datenschutz und Cookies:<\/h2>\n<p>Der Schutz deiner Daten hat bei uns oberste Priorit\u00e4t. In der Datenschutzrichtlinie und Cookie-Richtlinie wird erl\u00e4utert, welche personenbezogenen Daten wir von dir erfassen und wie wir diese verwenden. Falls du weitere Fragen zum Datenschutz hast, schreib uns bitte eine E-Mail an GDPRsupport@noom.com.<\/p>\n<h2>Betrug:<\/h2>\n<p>Falls du von einem mutma\u00dflichen Noom-Mitarbeiter kontaktiert wurdest und einen Betrugsversuch vermutest, melde uns diesen Vorfall bitte unter kundendienst@noom.com.<\/p>\n<h2>Online-Streitbeilegung:<\/h2>\n<p>Die EU-Kommission hat eine Internetplattform zur Online-Beilegung von Streitigkeiten geschaffen. Sie kann als Anlaufstelle f\u00fcr die au\u00dfergerichtliche Beilegung von Streitigkeiten aus Online-Kaufvertr\u00e4gen oder -Dienstleistungsvertr\u00e4gen dienen und ist hier erreichbar. Noom nimmt jedoch nicht an dem freiwilligen Streitbeilegungsverfahren vor einer Verbraucherschlichtungsstelle in Deutschland teil.<\/p>\n[\/et_pb_text][\/et_pb_column][\/et_pb_row][\/et_pb_section]\n","protected":false},"excerpt":{"rendered":"<p>Dieses Impressum gilt f\u00fcr Noom.com, einschlie\u00dflich aller Subdomains (Unterseiten), sowie f\u00fcr alle Produkte und Dienstleistungen von Noom.<\/p>\n","protected":false},"author":83,"featured_media":0,"parent":0,"menu_order":0,"comment_status":"closed","ping_status":"closed","template":"","meta":{"_acf_changed":false,"_et_pb_use_builder":"on","_et_pb_old_content":"","_et_gb_content_width":"","_searchwp_excluded":"","footnotes":""},"dipi_cpt_category":[],"class_list":["post-280400","page","type-page","status-publish","hentry"],"acf":[],"_links":{"self":[{"href":"https:\/\/www.noom.com\/de\/wp-json\/wp\/v2\/pages\/280400","targetHints":{"allow":["GET"]}}],"collection":[{"href":"https:\/\/www.noom.com\/de\/wp-json\/wp\/v2\/pages"}],"about":[{"href":"https:\/\/www.noom.com\/de\/wp-json\/wp\/v2\/types\/page"}],"author":[{"embeddable":true,"href":"https:\/\/www.noom.com\/de\/wp-json\/wp\/v2\/users\/83"}],"replies":[{"embeddable":true,"href":"https:\/\/www.noom.com\/de\/wp-json\/wp\/v2\/comments?post=280400"}],"version-history":[{"count":1,"href":"https:\/\/www.noom.com\/de\/wp-json\/wp\/v2\/pages\/280400\/revisions"}],"predecessor-version":[{"id":26004006,"href":"https:\/\/www.noom.com\/de\/wp-json\/wp\/v2\/pages\/280400\/revisions\/26004006"}],"wp:attachment":[{"href":"https:\/\/www.noom.com\/de\/wp-json\/wp\/v2\/media?parent=280400"}],"wp:term":[{"taxonomy":"dipi_cpt_category","embeddable":true,"href":"https:\/\/www.noom.com\/de\/wp-json\/wp\/v2\/dipi_cpt_category?post=280400"}],"curies":[{"name":"wp","href":"https:\/\/api.w.org\/{rel}","templated":true}]}}