{"id":269161,"date":"2022-09-22T14:06:58","date_gmt":"2022-09-22T18:06:58","guid":{"rendered":"https:\/\/www.noom.com\/?page_id=269161"},"modified":"2024-06-05T15:46:32","modified_gmt":"2024-06-05T19:46:32","slug":"google","status":"publish","type":"page","link":"https:\/\/www.noom.com\/de\/google\/","title":{"rendered":"Google"},"content":{"rendered":"[et_pb_section fb_built=&#8221;1&#8243; fullwidth=&#8221;on&#8221; module_class=&#8221;hero&#8221; _builder_version=&#8221;4.22.1&#8243; _module_preset=&#8221;default&#8221; global_colors_info=&#8221;{%22gcid-08966d89-12a6-4f2d-8052-824d2e7b3a6a%22:%91%22colorStart%22%93,%22gcid-3bd01ff5-4ea6-4d13-aafb-487370acef8e%22:%91%22button_one_bg_color__hover%22,%22border_color_all%22%93,%22gcid-1540e315-8cd4-41f8-b5ad-1b02a34bd53d%22:%91%22button_one_border_color%22%93,%22gcid-4e6cca6e-29cc-47c4-ab82-93014b2edd9a%22:%91%22button_one_bg_color%22%93}&#8221;][et_pb_fullwidth_header subhead=&#8221;Abnehmen und genie\u00dfen&#8221; header_image_url=&#8221;@ET-DC@eyJkeW5hbWljIjp0cnVlLCJjb250ZW50IjoicG9zdF9mZWF0dXJlZF9pbWFnZSIsInNldHRpbmdzIjp7fX0=@&#8221; module_id=&#8221;fit-for-fun&#8221; module_class=&#8221;hero&#8221; _builder_version=&#8221;4.23.4&#8243; _dynamic_attributes=&#8221;header_image_url&#8221; _module_preset=&#8221;default&#8221; title_font=&#8221;BrownLLWeb|||on|||||&#8221; title_text_color=&#8221;#FFFFFF&#8221; title_font_size=&#8221;16px&#8221; title_letter_spacing=&#8221;2px&#8221; title_line_height=&#8221;19.74px&#8221; content_font_size=&#8221;24px&#8221; content_line_height=&#8221;140%&#8221; subhead_font=&#8221;Untitled Serif||||||||&#8221; subhead_font_size=&#8221;82px&#8221; subhead_line_height=&#8221;82px&#8221; background_color=&#8221;#1D3A44&#8243; background_enable_color=&#8221;off&#8221; use_background_color_gradient=&#8221;on&#8221; background_color_gradient_stops=&#8221;rgba(26,25,25,0.4) 0%|rgba(0,0,0,0) 100%&#8221; background_color_gradient_overlays_image=&#8221;on&#8221; background_color_gradient_start=&#8221;rgba(26,25,25,0.4)&#8221; background_color_gradient_end=&#8221;rgba(0,0,0,0)&#8221; background_image=&#8221;https:\/\/www.noom.com\/uploads\/2022\/09\/Noom-Mood-Hero-Image.jpg&#8221; background_position=&#8221;top_center&#8221; custom_button_one=&#8221;on&#8221; button_one_text_size=&#8221;20px&#8221; button_one_bg_color=&#8221;gcid-4e6cca6e-29cc-47c4-ab82-93014b2edd9a&#8221; max_width=&#8221;100%&#8221; height=&#8221;660px&#8221; custom_margin=&#8221;||||false|false&#8221; custom_padding=&#8221;200px||||false|false&#8221; custom_padding_tablet=&#8221;175px||||false|false&#8221; custom_padding_phone=&#8221;0px||||false|false&#8221; custom_padding_last_edited=&#8221;on|phone&#8221; hover_enabled=&#8221;0&#8243; title_font_size_tablet=&#8221;16px&#8221; title_font_size_phone=&#8221;16px&#8221; title_font_size_last_edited=&#8221;on|phone&#8221; content_font_size_tablet=&#8221;&#8221; content_font_size_phone=&#8221;18px&#8221; content_font_size_last_edited=&#8221;on|phone&#8221; subhead_font_size_tablet=&#8221;62px&#8221; subhead_font_size_phone=&#8221;52px&#8221; subhead_font_size_last_edited=&#8221;on|tablet&#8221; subhead_line_height_last_edited=&#8221;off|phone&#8221; background_color_gradient_stops_tablet=&#8221;rgba(26,25,25,0.4) 0%|rgba(0,0,0,0) 100%&#8221; background_color_gradient_stops_phone=&#8221;rgba(26,25,25,0.4) 0%|rgba(0,0,0,0) 100%&#8221; button_one_text_size_tablet=&#8221;20px&#8221; button_one_text_size_phone=&#8221;16px&#8221; button_one_text_size_last_edited=&#8221;on|tablet&#8221; border_width_top=&#8221;0px&#8221; border_width_right=&#8221;0px&#8221; border_width_bottom=&#8221;0px&#8221; border_width_left=&#8221;0px&#8221; saved_tabs=&#8221;all&#8221; locked=&#8221;off&#8221; global_colors_info=&#8221;{%22gcid-08966d89-12a6-4f2d-8052-824d2e7b3a6a%22:%91%22colorStart%22,%22colorStart%22%93,%22gcid-3bd01ff5-4ea6-4d13-aafb-487370acef8e%22:%91%22button_one_bg_color__hover%22,%22border_color_all%22,%22button_one_bg_color__hover%22,%22border_color_all%22%93,%22gcid-1540e315-8cd4-41f8-b5ad-1b02a34bd53d%22:%91%22button_one_border_color%22,%22button_one_border_color%22%93,%22gcid-4e6cca6e-29cc-47c4-ab82-93014b2edd9a%22:%91%22button_one_bg_color%22,%22button_one_bg_color%22%93}&#8221; sticky_enabled=&#8221;0&#8243;]\n<p style=\"margin-top: 15px;\">Mit unserer psychologisch fundierten Methode entwickelst du gesunde Gewohnheiten. So bleibt dein Gewicht langfristig unten\u00a0\u2013 ohne Jo-Jo-Effekt.<\/p>\n<p><a href=\"https:\/\/www.noom.com\/de\/programs\/health-weight\/exsf01\" class=\"noom-btn noom-btn-primary include-utms include-params\">Jetzt 14 Tage f\u00fcr 1 \u20ac testen *<\/a>[\/et_pb_fullwidth_header][\/et_pb_section][et_pb_section fb_built=&#8221;1&#8243; _builder_version=&#8221;4.17.3&#8243; _module_preset=&#8221;default&#8221; custom_padding=&#8221;125px||0px||false|false&#8221; global_colors_info=&#8221;{}&#8221;][et_pb_row column_structure=&#8221;1_4,1_4,1_4,1_4&#8243; _builder_version=&#8221;4.17.3&#8243; _module_preset=&#8221;default&#8221; width=&#8221;100%&#8221; width_tablet=&#8221;90%&#8221; width_phone=&#8221;85%&#8221; width_last_edited=&#8221;on|phone&#8221; custom_margin_tablet=&#8221;&#8221; custom_margin_phone=&#8221;&#8221; custom_margin_last_edited=&#8221;on|phone&#8221; global_colors_info=&#8221;{}&#8221;][et_pb_column type=&#8221;1_4&#8243; _builder_version=&#8221;4.16&#8243; _module_preset=&#8221;default&#8221; global_colors_info=&#8221;{}&#8221;][et_pb_blurb title=&#8221;PSYCHOLOGIE UND ERN\u00c4HRUNG&#8221; use_icon=&#8221;on&#8221; font_icon=&#8221;&#xf0eb;||fa||400&#8243; image_icon_width=&#8221;26px&#8221; _builder_version=&#8221;4.17.6&#8243; _module_preset=&#8221;default&#8221; header_font=&#8221;BrownLLWeb||||||||&#8221; header_text_align=&#8221;center&#8221; header_font_size=&#8221;20px&#8221; body_font=&#8221;Untitled Sans||||||||&#8221; body_text_align=&#8221;center&#8221; module_alignment=&#8221;center&#8221; min_height=&#8221;300px&#8221; global_colors_info=&#8221;{}&#8221;]\n<p><span>Schon 5\u00a0Minuten am Tag gen\u00fcgen, um deine Gewohnheiten zu \u00e4ndern. Au\u00dferdem erwarten dich leckere Rezepte, eine Datenbank mit \u00fcber 130.000\u00a0Lebensmitteln, ein Barcode-Scanner und Mahlzeitenpl\u00e4ne.<\/span><\/p>\n[\/et_pb_blurb][et_pb_image src=&#8221;https:\/\/www.noom.com\/uploads\/2022\/09\/Quiz.png&#8221; title_text=&#8221;Quiz&#8221; _builder_version=&#8221;4.17.6&#8243; _module_preset=&#8221;default&#8221; max_width=&#8221;85%&#8221; module_alignment=&#8221;center&#8221; global_colors_info=&#8221;{}&#8221;][\/et_pb_image][\/et_pb_column][et_pb_column type=&#8221;1_4&#8243; _builder_version=&#8221;4.16&#8243; _module_preset=&#8221;default&#8221; global_colors_info=&#8221;{}&#8221;][et_pb_blurb title=&#8221;COACHING NACH DEINEN W\u00dcNSCHEN&#8221; use_icon=&#8221;on&#8221; font_icon=&#8221;&#xf0c0;||fa||900&#8243; image_icon_width=&#8221;26px&#8221; _builder_version=&#8221;4.17.6&#8243; _module_preset=&#8221;default&#8221; header_font=&#8221;BrownLLWeb||||||||&#8221; header_text_align=&#8221;center&#8221; header_font_size=&#8221;20px&#8221; body_font=&#8221;Untitled Sans||||||||&#8221; body_text_align=&#8221;center&#8221; module_alignment=&#8221;center&#8221; min_height=&#8221;300px&#8221; global_colors_info=&#8221;{}&#8221;]\n<p><span>Abnehmen ist kein Zuckerschlecken. Deswegen ist dein Coach f\u00fcr dich da, wenn du ihn brauchst. Gemeinsam legt ihr die Etappenziele auf der Reise zu deinem Wunschgewicht fest.<\/span><\/p>\n[\/et_pb_blurb][et_pb_image src=&#8221;https:\/\/www.noom.com\/uploads\/2022\/09\/Chat.png&#8221; title_text=&#8221;Chat&#8221; _builder_version=&#8221;4.17.6&#8243; _module_preset=&#8221;default&#8221; max_width=&#8221;85%&#8221; module_alignment=&#8221;center&#8221; global_colors_info=&#8221;{}&#8221;][\/et_pb_image][\/et_pb_column][et_pb_column type=&#8221;1_4&#8243; _builder_version=&#8221;4.17.6&#8243; _module_preset=&#8221;default&#8221; global_colors_info=&#8221;{}&#8221;][et_pb_blurb title=&#8221;ISS, WAS DU LIEBST&#8221; use_icon=&#8221;on&#8221; font_icon=&#8221;&#xf2e7;||fa||900&#8243; image_icon_width=&#8221;26px&#8221; _builder_version=&#8221;4.17.6&#8243; _module_preset=&#8221;default&#8221; header_font=&#8221;BrownLLWeb||||||||&#8221; header_text_align=&#8221;center&#8221; header_font_size=&#8221;20px&#8221; body_font=&#8221;Untitled Sans||||||||&#8221; body_text_align=&#8221;center&#8221; module_alignment=&#8221;center&#8221; min_height=&#8221;300px&#8221; global_colors_info=&#8221;{}&#8221;]\n<p><span>Bei Noom musst du weder auf Kohlenhydrate noch auf guten Geschmack verzichten. Wir zeigen dir, wie du dich dauerhaft gesund und genussvoll ern\u00e4hrst.<\/span><\/p>\n[\/et_pb_blurb][et_pb_image src=&#8221;https:\/\/www.noom.com\/uploads\/2022\/09\/Donnerstag.png&#8221; title_text=&#8221;Donnerstag&#8221; _builder_version=&#8221;4.17.6&#8243; _module_preset=&#8221;default&#8221; max_width=&#8221;85%&#8221; module_alignment=&#8221;center&#8221; global_colors_info=&#8221;{}&#8221;][\/et_pb_image][\/et_pb_column][et_pb_column type=&#8221;1_4&#8243; _builder_version=&#8221;4.16&#8243; _module_preset=&#8221;default&#8221; global_colors_info=&#8221;{}&#8221;][et_pb_blurb title=&#8221;DIE APP F\u00dcR EIN GES\u00dcNDERES GEWICHT&#8221; use_icon=&#8221;on&#8221; font_icon=&#8221;&#xf518;||fa||900&#8243; image_icon_width=&#8221;26px&#8221; _builder_version=&#8221;4.17.6&#8243; _module_preset=&#8221;default&#8221; header_font=&#8221;BrownLLWeb||||||||&#8221; header_text_align=&#8221;center&#8221; header_font_size=&#8221;20px&#8221; body_font=&#8221;Untitled Sans||||||||&#8221; body_text_align=&#8221;center&#8221; module_alignment=&#8221;center&#8221; min_height=&#8221;300px&#8221; global_colors_info=&#8221;{}&#8221;]\n<p><span>Entdecke die Noom App mit informativen Artikeln, einer gro\u00dfe Anzahl an Rezepten, \u00fcber 500.000\u00a0 Lebensmitteln, dem\u00a0 Barcode Scanner und der Noom Community.<\/span><\/p>\n[\/et_pb_blurb][et_pb_image src=&#8221;https:\/\/www.noom.com\/uploads\/2022\/09\/Gewichtskurve.png&#8221; title_text=&#8221;Gewichtskurve&#8221; _builder_version=&#8221;4.17.6&#8243; _module_preset=&#8221;default&#8221; max_width=&#8221;85%&#8221; module_alignment=&#8221;center&#8221; global_colors_info=&#8221;{}&#8221;][\/et_pb_image][\/et_pb_column][\/et_pb_row][\/et_pb_section][et_pb_section fb_built=&#8221;1&#8243; _builder_version=&#8221;4.17.3&#8243; _module_preset=&#8221;default&#8221; custom_padding=&#8221;75px||125px||false|false&#8221; global_colors_info=&#8221;{}&#8221;][et_pb_row column_structure=&#8221;1_2,1_2&#8243; _builder_version=&#8221;4.17.3&#8243; _module_preset=&#8221;default&#8221; width=&#8221;100%&#8221; width_tablet=&#8221;90%&#8221; width_phone=&#8221;85%&#8221; width_last_edited=&#8221;on|phone&#8221; custom_margin_tablet=&#8221;&#8221; custom_margin_phone=&#8221;&#8221; custom_margin_last_edited=&#8221;on|phone&#8221; global_colors_info=&#8221;{}&#8221;][et_pb_column type=&#8221;1_2&#8243; _builder_version=&#8221;4.16&#8243; _module_preset=&#8221;default&#8221; global_colors_info=&#8221;{}&#8221;][et_pb_image src=&#8221;https:\/\/www.noom.com\/uploads\/2022\/07\/coach-jess.png&#8221; title_text=&#8221;coach-jess&#8221; align=&#8221;center&#8221; _builder_version=&#8221;4.17.3&#8243; _module_preset=&#8221;default&#8221; global_colors_info=&#8221;{}&#8221;][\/et_pb_image][et_pb_text _builder_version=&#8221;4.17.3&#8243; _module_preset=&#8221;default&#8221; text_font=&#8221;Untitled Serif||||||||&#8221; text_text_color=&#8221;#000000&#8243; text_line_height=&#8221;1.5em&#8221; global_colors_info=&#8221;{}&#8221;]\n<h3 style=\"text-align: center;\"><span style=\"font-weight: 400;\">Coach Jess<\/span><\/h3>\n<p style=\"text-align: center;\"><span style=\"font-weight: 400;\">&#8220;Noom Weight hilft dir herauszufinden, was deine Trigger sind, die dir das Abnehmen erschweren. Ich unterst\u00fctze dich dabei, ges\u00fcndere Gewohnheiten zu entwickeln und diese dann in deinen Alltag zu integrieren, um dauerhaft abzunehmen.\u201d<\/span><\/p>\n[\/et_pb_text][\/et_pb_column][et_pb_column type=&#8221;1_2&#8243; _builder_version=&#8221;4.16&#8243; _module_preset=&#8221;default&#8221; global_colors_info=&#8221;{}&#8221;][et_pb_image src=&#8221;https:\/\/www.noom.com\/uploads\/2022\/07\/user-nelly.png&#8221; title_text=&#8221;user-nelly&#8221; align=&#8221;center&#8221; _builder_version=&#8221;4.17.3&#8243; _module_preset=&#8221;default&#8221; global_colors_info=&#8221;{}&#8221;][\/et_pb_image][et_pb_text _builder_version=&#8221;4.17.3&#8243; _module_preset=&#8221;default&#8221; text_font=&#8221;Untitled Serif||||||||&#8221; text_text_color=&#8221;#000000&#8243; text_line_height=&#8221;1.5em&#8221; global_colors_info=&#8221;{}&#8221;]\n<h3 style=\"text-align: center;\"><span style=\"font-weight: 400;\">Noomer Nelly<\/span><\/h3>\n<p style=\"text-align: center;\"><span style=\"font-weight: 400;\">&#8220;Mein pers\u00f6nlicher Coach analysiert mit mir zusammen, warum ich zunehme und wie ich wieder abnehme. Nur wenn ich das \u201cWarum\u201d verstehe, kann ich langfristig abnehmen.\u201d<\/span><\/p>\n[\/et_pb_text][\/et_pb_column][\/et_pb_row][\/et_pb_section][et_pb_section fb_built=&#8221;1&#8243; _builder_version=&#8221;4.16&#8243; _module_preset=&#8221;default&#8221; background_color=&#8221;gcid-2f126c9b-01f7-4962-b6bc-ec734f7b0dd0&#8243; custom_padding=&#8221;148px||148px||false|false&#8221; global_colors_info=&#8221;{%22gcid-2f126c9b-01f7-4962-b6bc-ec734f7b0dd0%22:%91%22background_color%22%93}&#8221;][et_pb_row _builder_version=&#8221;4.16&#8243; _module_preset=&#8221;default&#8221; width=&#8221;46%&#8221; width_tablet=&#8221;80%&#8221; width_phone=&#8221;80%&#8221; width_last_edited=&#8221;on|desktop&#8221; global_colors_info=&#8221;{}&#8221;][et_pb_column type=&#8221;4_4&#8243; _builder_version=&#8221;4.16&#8243; _module_preset=&#8221;default&#8221; global_colors_info=&#8221;{}&#8221;][et_pb_text _builder_version=&#8221;4.23.4&#8243; _module_preset=&#8221;default&#8221; hover_enabled=&#8221;0&#8243; global_colors_info=&#8221;{}&#8221; sticky_enabled=&#8221;0&#8243;]\n<p style=\"text-align: center;\"><a href=\"https:\/\/www.noom.com\/de\/programs\/health-weight\/exsf01\" class=\"noom-btn noom-btn-primary include-utms include-params\">JETZT 14 TAGE F\u00dcR 1 \u20ac TESTEN *<\/a><\/p>\n[\/et_pb_text][et_pb_text _builder_version=&#8221;4.23.1&#8243; _module_preset=&#8221;default&#8221; global_colors_info=&#8221;{}&#8221;]<a href=\"https:\/\/www.noom.com\/de\/programs\/health-weight\/exsf01\"><\/a>[\/et_pb_text][\/et_pb_column][\/et_pb_row][\/et_pb_section][et_pb_section fb_built=&#8221;1&#8243; _builder_version=&#8221;4.17.6&#8243; _module_preset=&#8221;default&#8221; global_colors_info=&#8221;{}&#8221;][et_pb_row _builder_version=&#8221;4.17.6&#8243; _module_preset=&#8221;default&#8221; global_colors_info=&#8221;{}&#8221;][et_pb_column type=&#8221;4_4&#8243; _builder_version=&#8221;4.17.6&#8243; _module_preset=&#8221;default&#8221; global_colors_info=&#8221;{}&#8221;][et_pb_text _builder_version=&#8221;4.17.6&#8243; _module_preset=&#8221;default&#8221; background_color=&#8221;gcid-c7946529-00c0-48d0-8fb1-db10908666e4&#8243; global_colors_info=&#8221;{%22gcid-c7946529-00c0-48d0-8fb1-db10908666e4%22:%91%22background_color%22%93}&#8221;]\n<p><span>*Am Ende der Testphase wird dein Abo automatisch in ein Bezahlabo \u00fcbergehen. W\u00e4hrend deiner Testphase kannst du jederzeit k\u00fcndigen.<\/span><\/p>\n[\/et_pb_text][\/et_pb_column][\/et_pb_row][\/et_pb_section]\n","protected":false},"excerpt":{"rendered":"<p>Mit unserer psychologisch fundierten Methode entwickelst du gesunde Gewohnheiten. So bleibt dein Gewicht langfristig unten \u2013 ohne Jo-Jo-Effekt.<\/p>\n","protected":false},"author":23,"featured_media":0,"parent":0,"menu_order":0,"comment_status":"closed","ping_status":"closed","template":"","meta":{"_acf_changed":false,"_seopress_robots_primary_cat":"","_seopress_titles_title":"","_seopress_titles_desc":"","_seopress_robots_index":"","_et_pb_use_builder":"on","_et_pb_old_content":"","_et_gb_content_width":"","_searchwp_excluded":"","footnotes":""},"dipi_cpt_category":[],"class_list":["post-269161","page","type-page","status-publish","hentry"],"acf":[],"_links":{"self":[{"href":"https:\/\/www.noom.com\/de\/wp-json\/wp\/v2\/pages\/269161","targetHints":{"allow":["GET"]}}],"collection":[{"href":"https:\/\/www.noom.com\/de\/wp-json\/wp\/v2\/pages"}],"about":[{"href":"https:\/\/www.noom.com\/de\/wp-json\/wp\/v2\/types\/page"}],"author":[{"embeddable":true,"href":"https:\/\/www.noom.com\/de\/wp-json\/wp\/v2\/users\/23"}],"replies":[{"embeddable":true,"href":"https:\/\/www.noom.com\/de\/wp-json\/wp\/v2\/comments?post=269161"}],"version-history":[{"count":0,"href":"https:\/\/www.noom.com\/de\/wp-json\/wp\/v2\/pages\/269161\/revisions"}],"wp:attachment":[{"href":"https:\/\/www.noom.com\/de\/wp-json\/wp\/v2\/media?parent=269161"}],"wp:term":[{"taxonomy":"dipi_cpt_category","embeddable":true,"href":"https:\/\/www.noom.com\/de\/wp-json\/wp\/v2\/dipi_cpt_category?post=269161"}],"curies":[{"name":"wp","href":"https:\/\/api.w.org\/{rel}","templated":true}]}}