{"id":251850,"date":"2021-10-20T11:05:45","date_gmt":"2021-10-20T15:05:45","guid":{"rendered":"https:\/\/www.noom.com\/saeju-jeong\/"},"modified":"2024-05-22T14:58:36","modified_gmt":"2024-05-22T18:58:36","slug":"saeju-jeong","status":"publish","type":"page","link":"https:\/\/www.noom.com\/de\/saeju-jeong\/","title":{"rendered":"Saeju Jeong"},"content":{"rendered":"[et_pb_section fb_built=&#8221;1&#8243; _builder_version=&#8221;4.16&#8243; _module_preset=&#8221;default&#8221; background_color=&#8221;#1D3A44&#8243; global_colors_info=&#8221;{}&#8221;][et_pb_row column_structure=&#8221;3_5,2_5&#8243; _builder_version=&#8221;4.16&#8243; _module_preset=&#8221;default&#8221; custom_margin=&#8221;148px||100px||false|false&#8221; global_colors_info=&#8221;{}&#8221;][et_pb_column type=&#8221;3_5&#8243; _builder_version=&#8221;4.16&#8243; _module_preset=&#8221;default&#8221; global_colors_info=&#8221;{}&#8221;][et_pb_text module_class=&#8221;label&#8221; _builder_version=&#8221;4.16&#8243; _module_preset=&#8221;default&#8221; text_text_color=&#8221;#FFFFFF&#8221; global_colors_info=&#8221;{}&#8221;]CEO und Mitgr\u00fcnder[\/et_pb_text][et_pb_text _builder_version=&#8221;4.25.1&#8243; _module_preset=&#8221;default&#8221; header_2_font=&#8221;Untitled Serif||||||||&#8221; header_2_text_color=&#8221;#FFFFFF&#8221; header_2_font_size=&#8221;82px&#8221; header_2_line_height=&#8221;82px&#8221; hover_enabled=&#8221;0&#8243; global_colors_info=&#8221;{}&#8221; sticky_enabled=&#8221;0&#8243; header_text_color=&#8221;#FFFFFF&#8221;]\n<h1>Saeju Jeong<\/h1>\n[\/et_pb_text][et_pb_text _builder_version=&#8221;4.16&#8243; _module_preset=&#8221;default&#8221; text_font=&#8221;Untitled Sans||||||||&#8221; text_text_color=&#8221;#FFFFFF&#8221; text_font_size=&#8221;18px&#8221; text_line_height=&#8221;27px&#8221; global_colors_info=&#8221;{}&#8221;]Saeju wuchs in S\u00fcdkorea in einer Familie von \u00c4rzten auf\u00a0\u2013 kein Wunder, dass es schon immer sein Wunsch war, anderen zu helfen. Bereits fr\u00fch stand fest, dass er sein Leben der Aufgabe widmen wollte, das Wohlbefinden so vieler Menschen wie m\u00f6glich zu verbessern. Als er bereits in jungen Jahren seinen Vater verlor, nahm er das als Anlass, jetzt erst recht etwas f\u00fcr andere Menschen zu tun. Er wollte etwas bewegen\u00a0\u2013 wobei ihm sein Unternehmergeist (er war Gr\u00fcnder des ersten koreanischen Plattenlabels f\u00fcr Heavy Metal) nur zugutekam. Nachdem er sein Studium abgebrochen und in die USA ausgewandert war, traf Saeju auf Artem Petakov. Dieser teilte seine Vision, Menschen ein ges\u00fcnderes Leben zu erm\u00f6glichen. Saeju konnte ihn schlie\u00dflich davon \u00fcberzeugen, Google zu verlassen und gemeinsam mit ihm Noom zu gr\u00fcnden. Als CEO ist Saeju verantwortlich f\u00fcr die strategische Vision des Unternehmens und hat Noom \u00fcber mehrere Jahre zu einem enormen Wachstum und Millionen von Menschen zu einem ges\u00fcnderen Leben verholfen. 2020 wurde Saeju von Ernst &amp; Young zum Unternehmer des Jahres gek\u00fcrt.[\/et_pb_text][et_pb_social_media_follow _builder_version=&#8221;4.16&#8243; _module_preset=&#8221;default&#8221; text_orientation=&#8221;left&#8221; global_colors_info=&#8221;{}&#8221;][et_pb_social_media_follow_network social_network=&#8221;linkedin&#8221; url=&#8221;https:\/\/www.linkedin.com\/in\/saeju-jeong\/&#8221; _builder_version=&#8221;4.16&#8243; _module_preset=&#8221;default&#8221; background_color=&#8221;#007bb6&#8243; global_colors_info=&#8221;{}&#8221; follow_button=&#8221;off&#8221; url_new_window=&#8221;on&#8221;]linkedin[\/et_pb_social_media_follow_network][et_pb_social_media_follow_network social_network=&#8221;twitter&#8221; url=&#8221;https:\/\/twitter.com\/saejujeong&#8221; _builder_version=&#8221;4.22.2&#8243; _module_preset=&#8221;default&#8221; background_color=&#8221;#000000&#8243; global_colors_info=&#8221;{}&#8221; follow_button=&#8221;off&#8221; url_new_window=&#8221;on&#8221;]twitter[\/et_pb_social_media_follow_network][\/et_pb_social_media_follow][\/et_pb_column][et_pb_column type=&#8221;2_5&#8243; _builder_version=&#8221;4.16&#8243; _module_preset=&#8221;default&#8221; global_colors_info=&#8221;{}&#8221;][et_pb_image src=&#8221;https:\/\/www.noom.com\/uploads\/2021\/08\/saeju.jpg&#8221; alt=&#8221;saeju&#8221; title_text=&#8221;saeju&#8221; _builder_version=&#8221;4.16&#8243; _module_preset=&#8221;default&#8221; global_colors_info=&#8221;{}&#8221;][\/et_pb_image][\/et_pb_column][\/et_pb_row][\/et_pb_section]\n","protected":false},"excerpt":{"rendered":"<p>CEO und Mitgr\u00fcnderSaeju JeongSaeju wuchs in S\u00fcdkorea in einer Familie von \u00c4rzten auf\u00a0\u2013 kein Wunder, dass es schon immer sein Wunsch war, anderen zu helfen. Bereits fr\u00fch stand fest, dass er sein Leben der Aufgabe widmen wollte, das Wohlbefinden so vieler Menschen wie m\u00f6glich zu verbessern. Als er bereits in jungen Jahren seinen Vater verlor, [&hellip;]<\/p>\n","protected":false},"author":23,"featured_media":0,"parent":0,"menu_order":0,"comment_status":"closed","ping_status":"closed","template":"","meta":{"_acf_changed":false,"_et_pb_use_builder":"on","_et_pb_old_content":"","_et_gb_content_width":"","_searchwp_excluded":"","footnotes":""},"dipi_cpt_category":[],"class_list":["post-251850","page","type-page","status-publish","hentry"],"acf":[],"_links":{"self":[{"href":"https:\/\/www.noom.com\/de\/wp-json\/wp\/v2\/pages\/251850","targetHints":{"allow":["GET"]}}],"collection":[{"href":"https:\/\/www.noom.com\/de\/wp-json\/wp\/v2\/pages"}],"about":[{"href":"https:\/\/www.noom.com\/de\/wp-json\/wp\/v2\/types\/page"}],"author":[{"embeddable":true,"href":"https:\/\/www.noom.com\/de\/wp-json\/wp\/v2\/users\/23"}],"replies":[{"embeddable":true,"href":"https:\/\/www.noom.com\/de\/wp-json\/wp\/v2\/comments?post=251850"}],"version-history":[{"count":0,"href":"https:\/\/www.noom.com\/de\/wp-json\/wp\/v2\/pages\/251850\/revisions"}],"wp:attachment":[{"href":"https:\/\/www.noom.com\/de\/wp-json\/wp\/v2\/media?parent=251850"}],"wp:term":[{"taxonomy":"dipi_cpt_category","embeddable":true,"href":"https:\/\/www.noom.com\/de\/wp-json\/wp\/v2\/dipi_cpt_category?post=251850"}],"curies":[{"name":"wp","href":"https:\/\/api.w.org\/{rel}","templated":true}]}}