{"id":222214,"date":"2021-05-28T14:39:06","date_gmt":"2021-05-28T18:39:06","guid":{"rendered":"https:\/\/www.noom.com\/support\/"},"modified":"2026-03-09T15:51:48","modified_gmt":"2026-03-09T19:51:48","slug":"support","status":"publish","type":"page","link":"https:\/\/www.noom.com\/de\/support\/","title":{"rendered":"Support"},"content":{"rendered":"[et_pb_section fb_built=&#8221;1&#8243; _builder_version=&#8221;4.16&#8243; _module_preset=&#8221;default&#8221; custom_margin=&#8221;||||false|false&#8221; custom_padding=&#8221;1px||0px||false|false&#8221; global_colors_info=&#8221;{}&#8221;][et_pb_row module_class=&#8221;support-hero&#8221; _builder_version=&#8221;4.16&#8243; _module_preset=&#8221;default&#8221; custom_margin=&#8221;43px|auto|43px|auto|true|false&#8221; custom_padding=&#8221;75px||||false|false&#8221; global_colors_info=&#8221;{}&#8221;][et_pb_column type=&#8221;4_4&#8243; _builder_version=&#8221;4.16&#8243; _module_preset=&#8221;default&#8221; global_colors_info=&#8221;{}&#8221;][et_pb_text admin_label=&#8221;Frequenty Asked Questions&#8221; _builder_version=&#8221;4.16&#8243; _module_preset=&#8221;default&#8221; header_font=&#8221;Untitled Serif||||||||&#8221; header_font_size=&#8221;83px&#8221; header_font_size_tablet=&#8221;&#8221; header_font_size_phone=&#8221;50px&#8221; header_font_size_last_edited=&#8221;on|phone&#8221; global_colors_info=&#8221;{}&#8221;]\n<h1>H\u00e4ufig gestellte Fragen<\/h1>\n[\/et_pb_text][\/et_pb_column][\/et_pb_row][et_pb_row _builder_version=&#8221;4.16&#8243; _module_preset=&#8221;default&#8221; global_colors_info=&#8221;{}&#8221;][et_pb_column type=&#8221;4_4&#8243; _builder_version=&#8221;4.16&#8243; _module_preset=&#8221;default&#8221; global_colors_info=&#8221;{}&#8221;][et_pb_code admin_label=&#8221;Search Box&#8221; _builder_version=&#8221;4.16&#8243; _module_preset=&#8221;default&#8221; global_colors_info=&#8221;{}&#8221;]\n<form action=\"\" method=\"get\" class=\"search-bar\"><!-- [et_pb_line_break_holder] -->    <input class=\"search\" placeholder=\"Suche\" type=\"text\" name=\"s\" id=\"s\" value=\"\" data-swpengine=\"support_topics\" data-swplive=\"true\"> <!-- data-swplive=\"true\" enables SearchWP Live Search --><!-- [et_pb_line_break_holder] --><\/form>\n[\/et_pb_code][\/et_pb_column][\/et_pb_row][\/et_pb_section][et_pb_section fb_built=&#8221;1&#8243; _builder_version=&#8221;4.16&#8243; _module_preset=&#8221;default&#8221; background_color=&#8221;#f5f2ec&#8221; custom_padding=&#8221;0px|||||&#8221; global_colors_info=&#8221;{}&#8221;][et_pb_row column_structure=&#8221;1_3,2_3&#8243; _builder_version=&#8221;4.16&#8243; _module_preset=&#8221;default&#8221; custom_padding=&#8221;40px|||||&#8221; border_color_all=&#8221;#AD925E&#8221; border_width_top=&#8221;1px&#8221; global_colors_info=&#8221;{}&#8221;][et_pb_column type=&#8221;1_3&#8243; _builder_version=&#8221;4.16&#8243; _module_preset=&#8221;default&#8221; global_colors_info=&#8221;{}&#8221;][et_pb_code admin_label=&#8221;Support Menu&#8221; _builder_version=&#8221;4.27.5&#8243; _module_preset=&#8221;default&#8221; global_colors_info=&#8221;{}&#8221;]<div id=\"mega-menu-wrap-max_mega_menu_1\" class=\"mega-menu-wrap\"><div class=\"mega-menu-toggle\"><div class=\"mega-toggle-blocks-left\"><\/div><div class=\"mega-toggle-blocks-center\"><\/div><div class=\"mega-toggle-blocks-right\"><div class='mega-toggle-block mega-menu-toggle-animated-block mega-toggle-block-0' id='mega-toggle-block-0'><button aria-label=\"Toggle Menu\" class=\"mega-toggle-animated mega-toggle-animated-slider\" type=\"button\" aria-expanded=\"false\">\n                  <span class=\"mega-toggle-animated-box\">\n                    <span class=\"mega-toggle-animated-inner\"><\/span>\n                  <\/span>\n                <\/button><\/div><\/div><\/div><ul id=\"mega-menu-max_mega_menu_1\" class=\"mega-menu max-mega-menu mega-menu-accordion mega-no-js\" data-event=\"click\" data-effect=\"disabled\" data-effect-speed=\"200\" data-effect-mobile=\"slide\" data-effect-speed-mobile=\"200\" data-mobile-force-width=\"false\" data-second-click=\"go\" data-document-click=\"disabled\" data-vertical-behaviour=\"standard\" data-breakpoint=\"768\" data-unbind=\"true\" data-mobile-state=\"collapse_all\" data-mobile-direction=\"vertical\" data-hover-intent-timeout=\"300\" data-hover-intent-interval=\"100\" data-overlay-desktop=\"false\" data-overlay-mobile=\"false\"><li class=\"mega-menu-item mega-menu-item-type-taxonomy mega-menu-item-object-support-categories mega-align-bottom-left mega-menu-flyout mega-menu-item-26001025\" id=\"mega-menu-item-26001025\"><a class=\"mega-menu-link\" href=\"https:\/\/www.noom.com\/support\/faqs\/account-management\/\" tabindex=\"0\">Account Management<\/a><\/li><li class=\"mega-menu-item mega-menu-item-type-taxonomy mega-menu-item-object-support-categories mega-align-bottom-left mega-menu-flyout mega-menu-item-26001037\" id=\"mega-menu-item-26001037\"><a class=\"mega-menu-link\" href=\"https:\/\/www.noom.com\/support\/faqs\/subscription-and-billing\/\" tabindex=\"0\">Subscription and Billing<\/a><\/li><li class=\"mega-menu-item mega-menu-item-type-taxonomy mega-menu-item-object-support-categories mega-menu-item-has-children mega-align-bottom-left mega-menu-flyout mega-menu-item-26001029 mega-toggle-on\" id=\"mega-menu-item-26001029\"><a class=\"mega-menu-link\" href=\"https:\/\/www.noom.com\/support\/faqs\/programs\/\" aria-expanded=\"true\" tabindex=\"0\">Programs<span class=\"mega-indicator\" aria-hidden=\"true\"><\/span><\/a>\n<ul class=\"mega-sub-menu\">\n<li class=\"mega-menu-item mega-menu-item-type-taxonomy mega-menu-item-object-support-categories mega-menu-item-has-children mega-menu-item-26001030 mega-toggle-on\" id=\"mega-menu-item-26001030\"><a class=\"mega-menu-link\" href=\"https:\/\/www.noom.com\/support\/faqs\/programs\/noom-med-programs\/\" aria-expanded=\"true\">Noom Med Programs<span class=\"mega-indicator\" aria-hidden=\"true\"><\/span><\/a>\n\t<ul class=\"mega-sub-menu\">\n<li class=\"mega-menu-item mega-menu-item-type-taxonomy mega-menu-item-object-support-categories mega-menu-item-26001034\" id=\"mega-menu-item-26001034\"><a class=\"mega-menu-link\" href=\"https:\/\/www.noom.com\/support\/faqs\/programs\/noom-med-programs\/telehealth-for-branded-meds\/\">Telehealth for Branded Meds<\/a><\/li><li class=\"mega-menu-item mega-menu-item-type-taxonomy mega-menu-item-object-support-categories mega-menu-item-26001031\" id=\"mega-menu-item-26001031\"><a class=\"mega-menu-link\" href=\"https:\/\/www.noom.com\/support\/faqs\/programs\/noom-med-programs\/medication-included\/\">Noom Med Programs with Medication Included<\/a><\/li>\t<\/ul>\n<\/li><li class=\"mega-menu-item mega-menu-item-type-taxonomy mega-menu-item-object-support-categories mega-menu-item-26001035\" id=\"mega-menu-item-26001035\"><a class=\"mega-menu-link\" href=\"https:\/\/www.noom.com\/support\/faqs\/programs\/noom-weight\/\">Noom Weight<\/a><\/li><li class=\"mega-menu-item mega-menu-item-type-taxonomy mega-menu-item-object-support-categories mega-menu-item-26001036\" id=\"mega-menu-item-26001036\"><a class=\"mega-menu-link\" href=\"https:\/\/www.noom.com\/support\/faqs\/programs\/sponsored-noom-membership\/\">Sponsored Noom Membership<\/a><\/li><\/ul>\n<\/li><li class=\"mega-menu-item mega-menu-item-type-taxonomy mega-menu-item-object-support-categories mega-menu-item-has-children mega-align-bottom-left mega-menu-flyout mega-menu-item-26001041 mega-toggle-on\" id=\"mega-menu-item-26001041\"><a class=\"mega-menu-link\" href=\"https:\/\/www.noom.com\/support\/faqs\/using-the-app\/\" aria-expanded=\"true\" tabindex=\"0\">Using the App<span class=\"mega-indicator\" aria-hidden=\"true\"><\/span><\/a>\n<ul class=\"mega-sub-menu\">\n<li class=\"mega-menu-item mega-menu-item-type-taxonomy mega-menu-item-object-support-categories mega-menu-item-26001043\" id=\"mega-menu-item-26001043\"><a class=\"mega-menu-link\" href=\"https:\/\/www.noom.com\/support\/faqs\/using-the-app\/general-details\/\">General Details<\/a><\/li><li class=\"mega-menu-item mega-menu-item-type-taxonomy mega-menu-item-object-support-categories mega-menu-item-has-children mega-menu-item-26001044 mega-toggle-on\" id=\"mega-menu-item-26001044\"><a class=\"mega-menu-link\" href=\"https:\/\/www.noom.com\/support\/faqs\/using-the-app\/logging-and-tracking\/\" aria-expanded=\"true\">Logging and Tracking<span class=\"mega-indicator\" aria-hidden=\"true\"><\/span><\/a>\n\t<ul class=\"mega-sub-menu\">\n<li class=\"mega-menu-item mega-menu-item-type-taxonomy mega-menu-item-object-support-categories mega-menu-item-26001047\" id=\"mega-menu-item-26001047\"><a class=\"mega-menu-link\" href=\"https:\/\/www.noom.com\/support\/faqs\/using-the-app\/logging-and-tracking\/food-and-water\/\">Food and Water<\/a><\/li><li class=\"mega-menu-item mega-menu-item-type-taxonomy mega-menu-item-object-support-categories mega-menu-item-26001046\" id=\"mega-menu-item-26001046\"><a class=\"mega-menu-link\" href=\"https:\/\/www.noom.com\/support\/faqs\/using-the-app\/logging-and-tracking\/exercise-and-steps\/\">Exercise and Steps<\/a><\/li><li class=\"mega-menu-item mega-menu-item-type-taxonomy mega-menu-item-object-support-categories mega-menu-item-26001045\" id=\"mega-menu-item-26001045\"><a class=\"mega-menu-link\" href=\"https:\/\/www.noom.com\/support\/faqs\/using-the-app\/logging-and-tracking\/biometrics\/\">Biometrics<\/a><\/li>\t<\/ul>\n<\/li><li class=\"mega-menu-item mega-menu-item-type-taxonomy mega-menu-item-object-support-categories mega-menu-item-26001042\" id=\"mega-menu-item-26001042\"><a class=\"mega-menu-link\" href=\"https:\/\/www.noom.com\/support\/faqs\/using-the-app\/daily-features\/\">Daily Features<\/a><\/li><\/ul>\n<\/li><li class=\"mega-menu-item mega-menu-item-type-taxonomy mega-menu-item-object-support-categories mega-menu-item-has-children mega-align-bottom-left mega-menu-flyout mega-menu-item-26001038 mega-toggle-on\" id=\"mega-menu-item-26001038\"><a class=\"mega-menu-link\" href=\"https:\/\/www.noom.com\/support\/faqs\/troubleshooting\/\" aria-expanded=\"true\" tabindex=\"0\">Troubleshooting<span class=\"mega-indicator\" aria-hidden=\"true\"><\/span><\/a>\n<ul class=\"mega-sub-menu\">\n<li class=\"mega-menu-item mega-menu-item-type-taxonomy mega-menu-item-object-support-categories mega-menu-item-26001040\" id=\"mega-menu-item-26001040\"><a class=\"mega-menu-link\" href=\"https:\/\/www.noom.com\/support\/faqs\/troubleshooting\/syncing-and-compatibility\/\">Syncing and Compatibility<\/a><\/li><li class=\"mega-menu-item mega-menu-item-type-taxonomy mega-menu-item-object-support-categories mega-menu-item-26001039\" id=\"mega-menu-item-26001039\"><a class=\"mega-menu-link\" href=\"https:\/\/www.noom.com\/support\/faqs\/troubleshooting\/device-and-app\/\">Device and App<\/a><\/li><\/ul>\n<\/li><li class=\"mega-menu-item mega-menu-item-type-taxonomy mega-menu-item-object-support-categories mega-align-bottom-left mega-menu-flyout mega-menu-item-26001027\" id=\"mega-menu-item-26001027\"><a class=\"mega-menu-link\" href=\"https:\/\/www.noom.com\/support\/faqs\/noom-shop-and-add-ons\/\" tabindex=\"0\">Noom Shop and Add-Ons<\/a><\/li><li class=\"mega-menu-item mega-menu-item-type-taxonomy mega-menu-item-object-support-categories mega-align-bottom-left mega-menu-flyout mega-menu-item-26001026\" id=\"mega-menu-item-26001026\"><a class=\"mega-menu-link\" href=\"https:\/\/www.noom.com\/support\/faqs\/coach-and-community\/\" tabindex=\"0\">Coach and Community<\/a><\/li><li class=\"mega-menu-item mega-menu-item-type-taxonomy mega-menu-item-object-support-categories mega-align-bottom-left mega-menu-flyout mega-menu-item-26001028\" id=\"mega-menu-item-26001028\"><a class=\"mega-menu-link\" href=\"https:\/\/www.noom.com\/support\/faqs\/privacy-and-data\/\" tabindex=\"0\">Privacy and Data<\/a><\/li><li class=\"mega-menu-item mega-menu-item-type-taxonomy mega-menu-item-object-support-categories mega-align-bottom-left mega-menu-flyout mega-menu-item-26001049\" id=\"mega-menu-item-26001049\"><a class=\"mega-menu-link\" href=\"https:\/\/www.noom.com\/support\/contact-us\/\" tabindex=\"0\">Contact Us<\/a><\/li><\/ul><\/div>[\/et_pb_code][\/et_pb_column][et_pb_column type=&#8221;2_3&#8243; _builder_version=&#8221;4.16&#8243; _module_preset=&#8221;default&#8221; global_colors_info=&#8221;{}&#8221;][et_pb_text ul_type=&#8221;none&#8221; ul_item_indent=&#8221;1px&#8221; admin_label=&#8221;Popular FAQ links and CFS link&#8221; _builder_version=&#8221;4.27.5&#8243; _module_preset=&#8221;default&#8221; text_text_color=&#8221;#000000&#8243; text_font_size=&#8221;24px&#8221; text_line_height=&#8221;2.5em&#8221; link_text_color=&#8221;#000000&#8243; link_line_height=&#8221;3em&#8221; ul_text_align=&#8221;left&#8221; ul_text_color=&#8221;#000000&#8243; ul_font_size=&#8221;24px&#8221; ul_line_height=&#8221;60px&#8221; background_layout=&#8221;dark&#8221; custom_margin=&#8221;0px|0px|0px|0px|false|false&#8221; custom_padding=&#8221;0px|0px|0px|0px|false|false&#8221; hover_enabled=&#8221;0&#8243; border_color_all=&#8221;#FB513B&#8221; border_color_bottom=&#8221;#1D3A44&#8243; global_colors_info=&#8221;{}&#8221; link_text_color__hover_enabled=&#8221;on|desktop&#8221; border_color_bottom__hover_enabled=&#8221;on|hover&#8221; custom_css_main_element__hover_enabled=&#8221;on|hover&#8221; link_text_color__hover=&#8221;#000000&#8243; border_color_bottom__hover=&#8221;#1D3A44&#8243; sticky_enabled=&#8221;0&#8243;]\n<div class=\"support-content\">\n<article class=\"wrapper search-padding-bottom\"><strong>Hervorgehobene Artikel<\/strong><\/p>\n<ul>\n<li><a href=\"\/de\/support\/fragen-zu-folgenden-themen\/technische-probleme-und-fehlerbehebung\/2025\/09\/so-installierst-du-die-noom-app\/\">So installierst du die Noom App<\/a><\/li>\n<li><a href=\"\/de\/support\/fragen-zu-folgenden-themen\/konto-und-abonnementinfos\/2025\/09\/wie-du-auf-dein-noom-programm-oder-deine-testversion-zugreifst\/\">Wie du auf dein Noom-Programm oder deine Testversion zugreifst<\/a><\/li>\n<li><a href=\"\/de\/support\/fragen-zu-folgenden-themen\/konto-und-abonnementinfos\/2025\/09\/wie-wende-ich-bei-der-anmeldung-einen-gutscheincode-an\/\">Wie wende ich bei der Anmeldung einen Gutscheincode an?<\/a><\/li>\n<li><a href=\"\/de\/support\/fragen-zu-folgenden-themen\/technische-probleme-und-fehlerbehebung\/2025\/09\/ich-habe-mein-passwort-vergessen\/\">Ich habe mein Passwort vergessen<\/a><\/li>\n<li><a href=\"\/de\/support\/fragen-zu-folgenden-themen\/konto-und-abonnementinfos\/2025\/09\/wie-kann-ich-mein-noom-abo-oder-meine-probezeit-kuendigen\/\">Wie kann ich mein Noom-Abo oder meine Probezeit k\u00fcndigen?<\/a><\/li>\n<li><a href=\"\/de\/support\/fragen-zu-folgenden-themen\/konto-und-abonnementinfos\/2025\/09\/nooms-leitfaden-fuer-rueckerstattungen\/\">Nooms Leitfaden f\u00fcr R\u00fcckerstattungen<\/a><\/li>\n<\/ul>\n<p><strong><a href=\"\/de\/support\/support-kontaktieren\/2025\/09\/kontaktiere-den-noom-support\/\">Kontaktiere den Noom-Support<\/a><\/strong><br \/>\n<\/article>\n<\/div>\n[\/et_pb_text][\/et_pb_column][\/et_pb_row][\/et_pb_section]\n","protected":false},"excerpt":{"rendered":"<p>H\u00e4ufig gestellte Fragen<div id=\"mega-menu-wrap-max_mega_menu_1\" class=\"mega-menu-wrap\"><div class=\"mega-menu-toggle\"><div class=\"mega-toggle-blocks-left\"><\/div><div class=\"mega-toggle-blocks-center\"><\/div><div class=\"mega-toggle-blocks-right\"><div class='mega-toggle-block mega-menu-toggle-animated-block mega-toggle-block-0' id='mega-toggle-block-0'><button aria-label=\"Toggle Menu\" class=\"mega-toggle-animated mega-toggle-animated-slider\" type=\"button\" aria-expanded=\"false\">\n                  <span class=\"mega-toggle-animated-box\">\n                    <span class=\"mega-toggle-animated-inner\"><\/span>\n                  <\/span>\n                <\/button><\/div><\/div><\/div><ul id=\"mega-menu-max_mega_menu_1\" class=\"mega-menu max-mega-menu mega-menu-accordion mega-no-js\" data-event=\"click\" data-effect=\"disabled\" data-effect-speed=\"200\" data-effect-mobile=\"slide\" data-effect-speed-mobile=\"200\" data-mobile-force-width=\"false\" data-second-click=\"go\" data-document-click=\"disabled\" data-vertical-behaviour=\"standard\" data-breakpoint=\"768\" data-unbind=\"true\" data-mobile-state=\"collapse_all\" data-mobile-direction=\"vertical\" data-hover-intent-timeout=\"300\" data-hover-intent-interval=\"100\" data-overlay-desktop=\"false\" data-overlay-mobile=\"false\"><li class=\"mega-menu-item mega-menu-item-type-taxonomy mega-menu-item-object-support-categories mega-align-bottom-left mega-menu-flyout mega-menu-item-26001025\" id=\"mega-menu-item-26001025\"><a class=\"mega-menu-link\" href=\"https:\/\/www.noom.com\/support\/faqs\/account-management\/\" tabindex=\"0\">Account Management<\/a><\/li><li class=\"mega-menu-item mega-menu-item-type-taxonomy mega-menu-item-object-support-categories mega-align-bottom-left mega-menu-flyout mega-menu-item-26001037\" id=\"mega-menu-item-26001037\"><a class=\"mega-menu-link\" href=\"https:\/\/www.noom.com\/support\/faqs\/subscription-and-billing\/\" tabindex=\"0\">Subscription and Billing<\/a><\/li><li class=\"mega-menu-item mega-menu-item-type-taxonomy mega-menu-item-object-support-categories mega-menu-item-has-children mega-align-bottom-left mega-menu-flyout mega-menu-item-26001029 mega-toggle-on\" id=\"mega-menu-item-26001029\"><a class=\"mega-menu-link\" href=\"https:\/\/www.noom.com\/support\/faqs\/programs\/\" aria-expanded=\"true\" tabindex=\"0\">Programs<span class=\"mega-indicator\" aria-hidden=\"true\"><\/span><\/a>\n<ul class=\"mega-sub-menu\">\n<li class=\"mega-menu-item mega-menu-item-type-taxonomy mega-menu-item-object-support-categories mega-menu-item-has-children mega-menu-item-26001030 mega-toggle-on\" id=\"mega-menu-item-26001030\"><a class=\"mega-menu-link\" href=\"https:\/\/www.noom.com\/support\/faqs\/programs\/noom-med-programs\/\" aria-expanded=\"true\">Noom Med Programs<span class=\"mega-indicator\" aria-hidden=\"true\"><\/span><\/a>\n\t<ul class=\"mega-sub-menu\">\n<li class=\"mega-menu-item mega-menu-item-type-taxonomy mega-menu-item-object-support-categories mega-menu-item-26001034\" id=\"mega-menu-item-26001034\"><a class=\"mega-menu-link\" href=\"https:\/\/www.noom.com\/support\/faqs\/programs\/noom-med-programs\/telehealth-for-branded-meds\/\">Telehealth for Branded Meds<\/a><\/li><li class=\"mega-menu-item mega-menu-item-type-taxonomy mega-menu-item-object-support-categories mega-menu-item-26001031\" id=\"mega-menu-item-26001031\"><a class=\"mega-menu-link\" href=\"https:\/\/www.noom.com\/support\/faqs\/programs\/noom-med-programs\/medication-included\/\">Noom Med Programs with Medication Included<\/a><\/li>\t<\/ul>\n<\/li><li class=\"mega-menu-item mega-menu-item-type-taxonomy mega-menu-item-object-support-categories mega-menu-item-26001035\" id=\"mega-menu-item-26001035\"><a class=\"mega-menu-link\" href=\"https:\/\/www.noom.com\/support\/faqs\/programs\/noom-weight\/\">Noom Weight<\/a><\/li><li class=\"mega-menu-item mega-menu-item-type-taxonomy mega-menu-item-object-support-categories mega-menu-item-26001036\" id=\"mega-menu-item-26001036\"><a class=\"mega-menu-link\" href=\"https:\/\/www.noom.com\/support\/faqs\/programs\/sponsored-noom-membership\/\">Sponsored Noom Membership<\/a><\/li><\/ul>\n<\/li><li class=\"mega-menu-item mega-menu-item-type-taxonomy mega-menu-item-object-support-categories mega-menu-item-has-children mega-align-bottom-left mega-menu-flyout mega-menu-item-26001041 mega-toggle-on\" id=\"mega-menu-item-26001041\"><a class=\"mega-menu-link\" href=\"https:\/\/www.noom.com\/support\/faqs\/using-the-app\/\" aria-expanded=\"true\" tabindex=\"0\">Using the App<span class=\"mega-indicator\" aria-hidden=\"true\"><\/span><\/a>\n<ul class=\"mega-sub-menu\">\n<li class=\"mega-menu-item mega-menu-item-type-taxonomy mega-menu-item-object-support-categories mega-menu-item-26001043\" id=\"mega-menu-item-26001043\"><a class=\"mega-menu-link\" href=\"https:\/\/www.noom.com\/support\/faqs\/using-the-app\/general-details\/\">General Details<\/a><\/li><li class=\"mega-menu-item mega-menu-item-type-taxonomy mega-menu-item-object-support-categories mega-menu-item-has-children mega-menu-item-26001044 mega-toggle-on\" id=\"mega-menu-item-26001044\"><a class=\"mega-menu-link\" href=\"https:\/\/www.noom.com\/support\/faqs\/using-the-app\/logging-and-tracking\/\" aria-expanded=\"true\">Logging and Tracking<span class=\"mega-indicator\" aria-hidden=\"true\"><\/span><\/a>\n\t<ul class=\"mega-sub-menu\">\n<li class=\"mega-menu-item mega-menu-item-type-taxonomy mega-menu-item-object-support-categories mega-menu-item-26001047\" id=\"mega-menu-item-26001047\"><a class=\"mega-menu-link\" href=\"https:\/\/www.noom.com\/support\/faqs\/using-the-app\/logging-and-tracking\/food-and-water\/\">Food and Water<\/a><\/li><li class=\"mega-menu-item mega-menu-item-type-taxonomy mega-menu-item-object-support-categories mega-menu-item-26001046\" id=\"mega-menu-item-26001046\"><a class=\"mega-menu-link\" href=\"https:\/\/www.noom.com\/support\/faqs\/using-the-app\/logging-and-tracking\/exercise-and-steps\/\">Exercise and Steps<\/a><\/li><li class=\"mega-menu-item mega-menu-item-type-taxonomy mega-menu-item-object-support-categories mega-menu-item-26001045\" id=\"mega-menu-item-26001045\"><a class=\"mega-menu-link\" href=\"https:\/\/www.noom.com\/support\/faqs\/using-the-app\/logging-and-tracking\/biometrics\/\">Biometrics<\/a><\/li>\t<\/ul>\n<\/li><li class=\"mega-menu-item mega-menu-item-type-taxonomy mega-menu-item-object-support-categories mega-menu-item-26001042\" id=\"mega-menu-item-26001042\"><a class=\"mega-menu-link\" href=\"https:\/\/www.noom.com\/support\/faqs\/using-the-app\/daily-features\/\">Daily Features<\/a><\/li><\/ul>\n<\/li><li class=\"mega-menu-item mega-menu-item-type-taxonomy mega-menu-item-object-support-categories mega-menu-item-has-children mega-align-bottom-left mega-menu-flyout mega-menu-item-26001038 mega-toggle-on\" id=\"mega-menu-item-26001038\"><a class=\"mega-menu-link\" href=\"https:\/\/www.noom.com\/support\/faqs\/troubleshooting\/\" aria-expanded=\"true\" tabindex=\"0\">Troubleshooting<span class=\"mega-indicator\" aria-hidden=\"true\"><\/span><\/a>\n<ul class=\"mega-sub-menu\">\n<li class=\"mega-menu-item mega-menu-item-type-taxonomy mega-menu-item-object-support-categories mega-menu-item-26001040\" id=\"mega-menu-item-26001040\"><a class=\"mega-menu-link\" href=\"https:\/\/www.noom.com\/support\/faqs\/troubleshooting\/syncing-and-compatibility\/\">Syncing and Compatibility<\/a><\/li><li class=\"mega-menu-item mega-menu-item-type-taxonomy mega-menu-item-object-support-categories mega-menu-item-26001039\" id=\"mega-menu-item-26001039\"><a class=\"mega-menu-link\" href=\"https:\/\/www.noom.com\/support\/faqs\/troubleshooting\/device-and-app\/\">Device and App<\/a><\/li><\/ul>\n<\/li><li class=\"mega-menu-item mega-menu-item-type-taxonomy mega-menu-item-object-support-categories mega-align-bottom-left mega-menu-flyout mega-menu-item-26001027\" id=\"mega-menu-item-26001027\"><a class=\"mega-menu-link\" href=\"https:\/\/www.noom.com\/support\/faqs\/noom-shop-and-add-ons\/\" tabindex=\"0\">Noom Shop and Add-Ons<\/a><\/li><li class=\"mega-menu-item mega-menu-item-type-taxonomy mega-menu-item-object-support-categories mega-align-bottom-left mega-menu-flyout mega-menu-item-26001026\" id=\"mega-menu-item-26001026\"><a class=\"mega-menu-link\" href=\"https:\/\/www.noom.com\/support\/faqs\/coach-and-community\/\" tabindex=\"0\">Coach and Community<\/a><\/li><li class=\"mega-menu-item mega-menu-item-type-taxonomy mega-menu-item-object-support-categories mega-align-bottom-left mega-menu-flyout mega-menu-item-26001028\" id=\"mega-menu-item-26001028\"><a class=\"mega-menu-link\" href=\"https:\/\/www.noom.com\/support\/faqs\/privacy-and-data\/\" tabindex=\"0\">Privacy and Data<\/a><\/li><li class=\"mega-menu-item mega-menu-item-type-taxonomy mega-menu-item-object-support-categories mega-align-bottom-left mega-menu-flyout mega-menu-item-26001049\" id=\"mega-menu-item-26001049\"><a class=\"mega-menu-link\" href=\"https:\/\/www.noom.com\/support\/contact-us\/\" tabindex=\"0\">Contact Us<\/a><\/li><\/ul><\/div> Hervorgehobene ArtikelSo installierst du die Noom App Wie du auf dein Noom-Programm oder deine Testversion zugreifst Wie wende ich bei der Anmeldung einen Gutscheincode an? Ich habe mein Passwort vergessen Wie kann ich mein Noom-Abo oder meine Probezeit k\u00fcndigen? Nooms Leitfaden f\u00fcr R\u00fcckerstattungen Kontaktiere den Noom-Support<\/p>\n","protected":false},"author":85,"featured_media":0,"parent":0,"menu_order":0,"comment_status":"closed","ping_status":"closed","template":"","meta":{"_acf_changed":false,"_seopress_robots_primary_cat":"","_seopress_titles_title":"Support und FAQs","_seopress_titles_desc":"Hier findest du h\u00e4ufig gestellte Fragen zu Noom und kannst unseren Kundendienst kontaktieren, wenn du Hilfe ben\u00f6tigst. ","_seopress_robots_index":"","_et_pb_use_builder":"on","_et_pb_old_content":"","_et_gb_content_width":"","_searchwp_excluded":"","footnotes":""},"dipi_cpt_category":[],"class_list":["post-222214","page","type-page","status-publish","hentry"],"acf":[],"_links":{"self":[{"href":"https:\/\/www.noom.com\/de\/wp-json\/wp\/v2\/pages\/222214","targetHints":{"allow":["GET"]}}],"collection":[{"href":"https:\/\/www.noom.com\/de\/wp-json\/wp\/v2\/pages"}],"about":[{"href":"https:\/\/www.noom.com\/de\/wp-json\/wp\/v2\/types\/page"}],"author":[{"embeddable":true,"href":"https:\/\/www.noom.com\/de\/wp-json\/wp\/v2\/users\/85"}],"replies":[{"embeddable":true,"href":"https:\/\/www.noom.com\/de\/wp-json\/wp\/v2\/comments?post=222214"}],"version-history":[{"count":16,"href":"https:\/\/www.noom.com\/de\/wp-json\/wp\/v2\/pages\/222214\/revisions"}],"predecessor-version":[{"id":26013050,"href":"https:\/\/www.noom.com\/de\/wp-json\/wp\/v2\/pages\/222214\/revisions\/26013050"}],"wp:attachment":[{"href":"https:\/\/www.noom.com\/de\/wp-json\/wp\/v2\/media?parent=222214"}],"wp:term":[{"taxonomy":"dipi_cpt_category","embeddable":true,"href":"https:\/\/www.noom.com\/de\/wp-json\/wp\/v2\/dipi_cpt_category?post=222214"}],"curies":[{"name":"wp","href":"https:\/\/api.w.org\/{rel}","templated":true}]}}